{"id":3096,"date":"2025-05-19T13:00:00","date_gmt":"2025-05-19T11:00:00","guid":{"rendered":"https:\/\/leg.eu\/conditions-of-use\/"},"modified":"2025-08-18T17:49:11","modified_gmt":"2025-08-18T15:49:11","slug":"allgemeine-geschaftsbedingungen","status":"publish","type":"page","link":"https:\/\/leg.eu\/de\/allgemeine-geschaftsbedingungen\/","title":{"rendered":"Allgemeine Gesch\u00e4ftsbedingungen"},"content":{"rendered":"\n<p>Allgemeine Gesch\u00e4ftsbedingungen (hier abgek\u00fcrzt als AGB bezeichnet)<\/p>\n\n\n\n<p>Die gegenw\u00e4rtigen Allgemeinen Gesch\u00e4ftsbedingungen enthalten alle Bedingungen, die f\u00fcr die Nutzung der Website von Language Experts Group (LEG Hungary Localization and Language Technology Ltd.) ma\u00dfgebend und werden erg\u00e4nzt durch Anschrift und Steuernummer: 1075 Budapest, Mad\u00e1ch Imre \u00fat 11. II\/1., vertreten von: Bogl\u00e1rka T\u00edmea T\u00e9si, Registernummer der Gesellschaft: 01-10-047451, Steuernummer: 14525616-2-41, eingetragen bei: F\u0151v\u00e1rosi T\u00f6rv\u00e9nysz\u00e9k C\u00e9gb\u00edr\u00f3s\u00e1ga).<\/p>\n\n\n\n<p>Die Inhalte dieser Website k\u00f6nnen zu folgenden Bedingungen genutzt werden: Der Inhalt dieser Webseite ist von Informationsinteresse. Language Experts Group hat zwar den Inhalt dieser Website \u00fcberpr\u00fcft, gibt jedoch keine Garantien oder Erkl\u00e4rungen in Bezug auf die Richtigkeit und Vollst\u00e4ndigkeit dieser Informationen ab und \u00fcbernimmt keine Haftung f\u00fcr Sch\u00e4den oder Verluste, die dem Nutzer im Vertrauen auf solche Inhalte entstehen k\u00f6nnen.<\/p>\n\n\n\n<p>Die Inhalte externer Internetseiten, die \u00fcber Hyperlinks auf unserer Website erreichbar sind oder auf unsere Website verweisen, sind Inhalte von Drittanbietern, f\u00fcr die Language Experts Group keine Haftung \u00fcbernimmt. Aufgrund der Besonderheiten des Internets und des Risikos einer St\u00f6rung oder Unterbrechung der Informations\u00fcbertragung, \u00fcbernehmen wir im Zusammenhang mit der Nutzung dieser Informationen keine Haftung.<\/p>\n\n\n\n<p>Es liegt in der Verantwortung des Kunden, die geeignete Dienstleistung f\u00fcr eine \u00dcbersetzung auszuw\u00e4hlen. Language Experts Group \u00fcbernimmt keine Verantwortung, wenn die ausgew\u00e4hlte Dienstleistung nicht den spezifischen Anforderungen des Kunden entspricht.<\/p>\n\n\n\n<p>Durch die Nutzung der vorliegenden Website akzeptiert der Kunde die vorliegenden AGB und die Tatsache, dass \u00c4nderungen daran mit der Ver\u00f6ffentlichung in Kraft treten.<\/p>\n\n\n\n<p>Budapest, 22. Juni 2020<\/p>\n","protected":false},"excerpt":{"rendered":"<p>Allgemeine Gesch\u00e4ftsbedingungen (hier abgek\u00fcrzt als AGB bezeichnet) Die gegenw\u00e4rtigen Allgemeinen Gesch\u00e4ftsbedingungen enthalten alle Bedingungen, die f\u00fcr die Nutzung der Website von Language Experts Group (LEG Hungary Localization and Language Technology Ltd.) ma\u00dfgebend und werden erg\u00e4nzt durch Anschrift und Steuernummer: 1075 Budapest, Mad\u00e1ch Imre \u00fat 11. II\/1., vertreten von: Bogl\u00e1rka T\u00edmea T\u00e9si, Registernummer der Gesellschaft: 01-10-047451, [&hellip;]<\/p>\n","protected":false},"author":2,"featured_media":0,"parent":0,"menu_order":0,"comment_status":"closed","ping_status":"closed","template":"","meta":{"footnotes":""},"folder":[23],"class_list":["post-3096","page","type-page","status-publish","hentry"],"yoast_head":"<!-- This site is optimized with the Yoast SEO plugin v27.1.1 - https:\/\/yoast.com\/product\/yoast-seo-wordpress\/ -->\n<title>Allgemeine Gesch\u00e4ftsbedingungen - Language Experts Group<\/title>\n<meta name=\"robots\" content=\"index, follow, max-snippet:-1, max-image-preview:large, max-video-preview:-1\" \/>\n<link rel=\"canonical\" href=\"https:\/\/leg.eu\/de\/allgemeine-geschaftsbedingungen\/\" \/>\n<meta property=\"og:locale\" content=\"de_DE\" \/>\n<meta property=\"og:type\" content=\"article\" \/>\n<meta property=\"og:title\" content=\"Allgemeine Gesch\u00e4ftsbedingungen - Language Experts Group\" \/>\n<meta property=\"og:description\" content=\"Allgemeine Gesch\u00e4ftsbedingungen (hier abgek\u00fcrzt als AGB bezeichnet) Die gegenw\u00e4rtigen Allgemeinen Gesch\u00e4ftsbedingungen enthalten alle Bedingungen, die f\u00fcr die Nutzung der Website von Language Experts Group (LEG Hungary Localization and Language Technology Ltd.) ma\u00dfgebend und werden erg\u00e4nzt durch Anschrift und Steuernummer: 1075 Budapest, Mad\u00e1ch Imre \u00fat 11. II\/1., vertreten von: Bogl\u00e1rka T\u00edmea T\u00e9si, Registernummer der Gesellschaft: 01-10-047451, [&hellip;]\" \/>\n<meta property=\"og:url\" content=\"https:\/\/leg.eu\/de\/allgemeine-geschaftsbedingungen\/\" \/>\n<meta property=\"og:site_name\" content=\"Language Experts Group\" \/>\n<meta property=\"article:modified_time\" content=\"2025-08-18T15:49:11+00:00\" \/>\n<meta name=\"twitter:card\" content=\"summary_large_image\" \/>\n<meta name=\"twitter:label1\" content=\"Gesch\u00e4tzte Lesezeit\" \/>\n\t<meta name=\"twitter:data1\" content=\"2\u00a0Minuten\" \/>\n<script type=\"application\/ld+json\" class=\"yoast-schema-graph\">{\"@context\":\"https:\/\/schema.org\",\"@graph\":[{\"@type\":\"WebPage\",\"@id\":\"https:\/\/leg.eu\/de\/allgemeine-geschaftsbedingungen\/\",\"url\":\"https:\/\/leg.eu\/de\/allgemeine-geschaftsbedingungen\/\",\"name\":\"Allgemeine Gesch\u00e4ftsbedingungen - Language Experts Group\",\"isPartOf\":{\"@id\":\"https:\/\/leg.eu\/de\/#website\"},\"datePublished\":\"2025-05-19T11:00:00+00:00\",\"dateModified\":\"2025-08-18T15:49:11+00:00\",\"breadcrumb\":{\"@id\":\"https:\/\/leg.eu\/de\/allgemeine-geschaftsbedingungen\/#breadcrumb\"},\"inLanguage\":\"de\",\"potentialAction\":[{\"@type\":\"ReadAction\",\"target\":[\"https:\/\/leg.eu\/de\/allgemeine-geschaftsbedingungen\/\"]}]},{\"@type\":\"BreadcrumbList\",\"@id\":\"https:\/\/leg.eu\/de\/allgemeine-geschaftsbedingungen\/#breadcrumb\",\"itemListElement\":[{\"@type\":\"ListItem\",\"position\":1,\"name\":\"Home\",\"item\":\"https:\/\/leg.eu\/de\/\"},{\"@type\":\"ListItem\",\"position\":2,\"name\":\"Allgemeine Gesch\u00e4ftsbedingungen\"}]},{\"@type\":\"WebSite\",\"@id\":\"https:\/\/leg.eu\/de\/#website\",\"url\":\"https:\/\/leg.eu\/de\/\",\"name\":\"Language Experts Group\",\"description\":\"Language Experts Group\",\"potentialAction\":[{\"@type\":\"SearchAction\",\"target\":{\"@type\":\"EntryPoint\",\"urlTemplate\":\"https:\/\/leg.eu\/de\/?s={search_term_string}\"},\"query-input\":{\"@type\":\"PropertyValueSpecification\",\"valueRequired\":true,\"valueName\":\"search_term_string\"}}],\"inLanguage\":\"de\"}]}<\/script>\n<!-- \/ Yoast SEO plugin. -->","yoast_head_json":{"title":"Allgemeine Gesch\u00e4ftsbedingungen - Language Experts Group","robots":{"index":"index","follow":"follow","max-snippet":"max-snippet:-1","max-image-preview":"max-image-preview:large","max-video-preview":"max-video-preview:-1"},"canonical":"https:\/\/leg.eu\/de\/allgemeine-geschaftsbedingungen\/","og_locale":"de_DE","og_type":"article","og_title":"Allgemeine Gesch\u00e4ftsbedingungen - Language Experts Group","og_description":"Allgemeine Gesch\u00e4ftsbedingungen (hier abgek\u00fcrzt als AGB bezeichnet) Die gegenw\u00e4rtigen Allgemeinen Gesch\u00e4ftsbedingungen enthalten alle Bedingungen, die f\u00fcr die Nutzung der Website von Language Experts Group (LEG Hungary Localization and Language Technology Ltd.) ma\u00dfgebend und werden erg\u00e4nzt durch Anschrift und Steuernummer: 1075 Budapest, Mad\u00e1ch Imre \u00fat 11. II\/1., vertreten von: Bogl\u00e1rka T\u00edmea T\u00e9si, Registernummer der Gesellschaft: 01-10-047451, [&hellip;]","og_url":"https:\/\/leg.eu\/de\/allgemeine-geschaftsbedingungen\/","og_site_name":"Language Experts Group","article_modified_time":"2025-08-18T15:49:11+00:00","twitter_card":"summary_large_image","twitter_misc":{"Gesch\u00e4tzte Lesezeit":"2\u00a0Minuten"},"schema":{"@context":"https:\/\/schema.org","@graph":[{"@type":"WebPage","@id":"https:\/\/leg.eu\/de\/allgemeine-geschaftsbedingungen\/","url":"https:\/\/leg.eu\/de\/allgemeine-geschaftsbedingungen\/","name":"Allgemeine Gesch\u00e4ftsbedingungen - Language Experts Group","isPartOf":{"@id":"https:\/\/leg.eu\/de\/#website"},"datePublished":"2025-05-19T11:00:00+00:00","dateModified":"2025-08-18T15:49:11+00:00","breadcrumb":{"@id":"https:\/\/leg.eu\/de\/allgemeine-geschaftsbedingungen\/#breadcrumb"},"inLanguage":"de","potentialAction":[{"@type":"ReadAction","target":["https:\/\/leg.eu\/de\/allgemeine-geschaftsbedingungen\/"]}]},{"@type":"BreadcrumbList","@id":"https:\/\/leg.eu\/de\/allgemeine-geschaftsbedingungen\/#breadcrumb","itemListElement":[{"@type":"ListItem","position":1,"name":"Home","item":"https:\/\/leg.eu\/de\/"},{"@type":"ListItem","position":2,"name":"Allgemeine Gesch\u00e4ftsbedingungen"}]},{"@type":"WebSite","@id":"https:\/\/leg.eu\/de\/#website","url":"https:\/\/leg.eu\/de\/","name":"Language Experts Group","description":"Language Experts Group","potentialAction":[{"@type":"SearchAction","target":{"@type":"EntryPoint","urlTemplate":"https:\/\/leg.eu\/de\/?s={search_term_string}"},"query-input":{"@type":"PropertyValueSpecification","valueRequired":true,"valueName":"search_term_string"}}],"inLanguage":"de"}]}},"_links":{"self":[{"href":"https:\/\/leg.eu\/de\/wp-json\/wp\/v2\/pages\/3096","targetHints":{"allow":["GET"]}}],"collection":[{"href":"https:\/\/leg.eu\/de\/wp-json\/wp\/v2\/pages"}],"about":[{"href":"https:\/\/leg.eu\/de\/wp-json\/wp\/v2\/types\/page"}],"author":[{"embeddable":true,"href":"https:\/\/leg.eu\/de\/wp-json\/wp\/v2\/users\/2"}],"replies":[{"embeddable":true,"href":"https:\/\/leg.eu\/de\/wp-json\/wp\/v2\/comments?post=3096"}],"version-history":[{"count":0,"href":"https:\/\/leg.eu\/de\/wp-json\/wp\/v2\/pages\/3096\/revisions"}],"wp:attachment":[{"href":"https:\/\/leg.eu\/de\/wp-json\/wp\/v2\/media?parent=3096"}],"wp:term":[{"taxonomy":"folder","embeddable":true,"href":"https:\/\/leg.eu\/de\/wp-json\/wp\/v2\/folder?post=3096"}],"curies":[{"name":"wp","href":"https:\/\/api.w.org\/{rel}","templated":true}]}}