{"id":3622,"date":"2025-05-19T14:00:00","date_gmt":"2025-05-19T12:00:00","guid":{"rendered":"https:\/\/leg.eu\/dienstleistungen\/machine-translation\/"},"modified":"2025-10-30T13:29:23","modified_gmt":"2025-10-30T12:29:23","slug":"maschinenubersetzung","status":"publish","type":"page","link":"https:\/\/leg.eu\/de\/dienstleistungen\/maschinenubersetzung\/","title":{"rendered":"Maschinen\u00fcbersetzung"},"content":{"rendered":"","protected":false},"excerpt":{"rendered":"","protected":false},"author":2,"featured_media":0,"parent":3485,"menu_order":0,"comment_status":"closed","ping_status":"closed","template":"","meta":{"footnotes":""},"folder":[12],"class_list":["post-3622","page","type-page","status-publish","hentry"],"yoast_head":"<!-- This site is optimized with the Yoast SEO plugin v27.1.1 - https:\/\/yoast.com\/product\/yoast-seo-wordpress\/ -->\n<title>Maschinelle \u00dcbersetzung | Services | Language Experts Group<\/title>\n<meta name=\"description\" content=\"Maschinelle \u00dcbersetzungen k\u00f6nnen viel Zeit sparen, denn die \u00dcbersetzung ganzer Textdokumente ben\u00f6tigt so nur Sekunden.\" \/>\n<meta name=\"robots\" content=\"index, follow, max-snippet:-1, max-image-preview:large, max-video-preview:-1\" \/>\n<link rel=\"canonical\" href=\"https:\/\/leg.eu\/de\/dienstleistungen\/maschinenubersetzung\/\" \/>\n<meta property=\"og:locale\" content=\"de_DE\" \/>\n<meta property=\"og:type\" content=\"article\" \/>\n<meta property=\"og:title\" content=\"Maschinelle \u00dcbersetzung | Services | Language Experts Group\" \/>\n<meta property=\"og:description\" content=\"Maschinelle \u00dcbersetzungen k\u00f6nnen viel Zeit sparen, denn die \u00dcbersetzung ganzer Textdokumente ben\u00f6tigt so nur Sekunden.\" \/>\n<meta property=\"og:url\" content=\"https:\/\/leg.eu\/de\/dienstleistungen\/maschinenubersetzung\/\" \/>\n<meta property=\"og:site_name\" content=\"Language Experts Group\" \/>\n<meta property=\"article:modified_time\" content=\"2025-10-30T12:29:23+00:00\" \/>\n<meta name=\"twitter:card\" content=\"summary_large_image\" \/>\n<meta name=\"twitter:label1\" content=\"Gesch\u00e4tzte Lesezeit\" \/>\n\t<meta name=\"twitter:data1\" content=\"3\u00a0Minuten\" \/>\n<script type=\"application\/ld+json\" class=\"yoast-schema-graph\">{\"@context\":\"https:\/\/schema.org\",\"@graph\":[{\"@type\":\"WebPage\",\"@id\":\"https:\/\/leg.eu\/de\/dienstleistungen\/maschinenubersetzung\/\",\"url\":\"https:\/\/leg.eu\/de\/dienstleistungen\/maschinenubersetzung\/\",\"name\":\"Maschinelle \u00dcbersetzung | Services | Language Experts Group\",\"isPartOf\":{\"@id\":\"https:\/\/leg.eu\/de\/#website\"},\"datePublished\":\"2025-05-19T12:00:00+00:00\",\"dateModified\":\"2025-10-30T12:29:23+00:00\",\"description\":\"Maschinelle \u00dcbersetzungen k\u00f6nnen viel Zeit sparen, denn die \u00dcbersetzung ganzer Textdokumente ben\u00f6tigt so nur Sekunden.\",\"breadcrumb\":{\"@id\":\"https:\/\/leg.eu\/de\/dienstleistungen\/maschinenubersetzung\/#breadcrumb\"},\"inLanguage\":\"de\",\"potentialAction\":[{\"@type\":\"ReadAction\",\"target\":[\"https:\/\/leg.eu\/de\/dienstleistungen\/maschinenubersetzung\/\"]}]},{\"@type\":\"BreadcrumbList\",\"@id\":\"https:\/\/leg.eu\/de\/dienstleistungen\/maschinenubersetzung\/#breadcrumb\",\"itemListElement\":[{\"@type\":\"ListItem\",\"position\":1,\"name\":\"Home\",\"item\":\"https:\/\/leg.eu\/de\/\"},{\"@type\":\"ListItem\",\"position\":2,\"name\":\"Dienstleistungen\",\"item\":\"https:\/\/leg.eu\/de\/dienstleistungen\/\"},{\"@type\":\"ListItem\",\"position\":3,\"name\":\"Maschinen\u00fcbersetzung\"}]},{\"@type\":\"WebSite\",\"@id\":\"https:\/\/leg.eu\/de\/#website\",\"url\":\"https:\/\/leg.eu\/de\/\",\"name\":\"Language Experts Group\",\"description\":\"Language Experts Group\",\"potentialAction\":[{\"@type\":\"SearchAction\",\"target\":{\"@type\":\"EntryPoint\",\"urlTemplate\":\"https:\/\/leg.eu\/de\/?s={search_term_string}\"},\"query-input\":{\"@type\":\"PropertyValueSpecification\",\"valueRequired\":true,\"valueName\":\"search_term_string\"}}],\"inLanguage\":\"de\"}]}<\/script>\n<!-- \/ Yoast SEO plugin. -->","yoast_head_json":{"title":"Maschinelle \u00dcbersetzung | Services | Language Experts Group","description":"Maschinelle \u00dcbersetzungen k\u00f6nnen viel Zeit sparen, denn die \u00dcbersetzung ganzer Textdokumente ben\u00f6tigt so nur Sekunden.","robots":{"index":"index","follow":"follow","max-snippet":"max-snippet:-1","max-image-preview":"max-image-preview:large","max-video-preview":"max-video-preview:-1"},"canonical":"https:\/\/leg.eu\/de\/dienstleistungen\/maschinenubersetzung\/","og_locale":"de_DE","og_type":"article","og_title":"Maschinelle \u00dcbersetzung | Services | Language Experts Group","og_description":"Maschinelle \u00dcbersetzungen k\u00f6nnen viel Zeit sparen, denn die \u00dcbersetzung ganzer Textdokumente ben\u00f6tigt so nur Sekunden.","og_url":"https:\/\/leg.eu\/de\/dienstleistungen\/maschinenubersetzung\/","og_site_name":"Language Experts Group","article_modified_time":"2025-10-30T12:29:23+00:00","twitter_card":"summary_large_image","twitter_misc":{"Gesch\u00e4tzte Lesezeit":"3\u00a0Minuten"},"schema":{"@context":"https:\/\/schema.org","@graph":[{"@type":"WebPage","@id":"https:\/\/leg.eu\/de\/dienstleistungen\/maschinenubersetzung\/","url":"https:\/\/leg.eu\/de\/dienstleistungen\/maschinenubersetzung\/","name":"Maschinelle \u00dcbersetzung | Services | Language Experts Group","isPartOf":{"@id":"https:\/\/leg.eu\/de\/#website"},"datePublished":"2025-05-19T12:00:00+00:00","dateModified":"2025-10-30T12:29:23+00:00","description":"Maschinelle \u00dcbersetzungen k\u00f6nnen viel Zeit sparen, denn die \u00dcbersetzung ganzer Textdokumente ben\u00f6tigt so nur Sekunden.","breadcrumb":{"@id":"https:\/\/leg.eu\/de\/dienstleistungen\/maschinenubersetzung\/#breadcrumb"},"inLanguage":"de","potentialAction":[{"@type":"ReadAction","target":["https:\/\/leg.eu\/de\/dienstleistungen\/maschinenubersetzung\/"]}]},{"@type":"BreadcrumbList","@id":"https:\/\/leg.eu\/de\/dienstleistungen\/maschinenubersetzung\/#breadcrumb","itemListElement":[{"@type":"ListItem","position":1,"name":"Home","item":"https:\/\/leg.eu\/de\/"},{"@type":"ListItem","position":2,"name":"Dienstleistungen","item":"https:\/\/leg.eu\/de\/dienstleistungen\/"},{"@type":"ListItem","position":3,"name":"Maschinen\u00fcbersetzung"}]},{"@type":"WebSite","@id":"https:\/\/leg.eu\/de\/#website","url":"https:\/\/leg.eu\/de\/","name":"Language Experts Group","description":"Language Experts Group","potentialAction":[{"@type":"SearchAction","target":{"@type":"EntryPoint","urlTemplate":"https:\/\/leg.eu\/de\/?s={search_term_string}"},"query-input":{"@type":"PropertyValueSpecification","valueRequired":true,"valueName":"search_term_string"}}],"inLanguage":"de"}]}},"_links":{"self":[{"href":"https:\/\/leg.eu\/de\/wp-json\/wp\/v2\/pages\/3622","targetHints":{"allow":["GET"]}}],"collection":[{"href":"https:\/\/leg.eu\/de\/wp-json\/wp\/v2\/pages"}],"about":[{"href":"https:\/\/leg.eu\/de\/wp-json\/wp\/v2\/types\/page"}],"author":[{"embeddable":true,"href":"https:\/\/leg.eu\/de\/wp-json\/wp\/v2\/users\/2"}],"replies":[{"embeddable":true,"href":"https:\/\/leg.eu\/de\/wp-json\/wp\/v2\/comments?post=3622"}],"version-history":[{"count":1,"href":"https:\/\/leg.eu\/de\/wp-json\/wp\/v2\/pages\/3622\/revisions"}],"predecessor-version":[{"id":4287,"href":"https:\/\/leg.eu\/de\/wp-json\/wp\/v2\/pages\/3622\/revisions\/4287"}],"up":[{"embeddable":true,"href":"https:\/\/leg.eu\/de\/wp-json\/wp\/v2\/pages\/3485"}],"wp:attachment":[{"href":"https:\/\/leg.eu\/de\/wp-json\/wp\/v2\/media?parent=3622"}],"wp:term":[{"taxonomy":"folder","embeddable":true,"href":"https:\/\/leg.eu\/de\/wp-json\/wp\/v2\/folder?post=3622"}],"curies":[{"name":"wp","href":"https:\/\/api.w.org\/{rel}","templated":true}]}}