{"id":3673,"date":"2025-05-19T13:00:00","date_gmt":"2025-05-19T11:00:00","guid":{"rendered":"https:\/\/leg.eu\/about-us\/"},"modified":"2025-11-03T10:47:43","modified_gmt":"2025-11-03T09:47:43","slug":"uber-uns","status":"publish","type":"page","link":"https:\/\/leg.eu\/de\/uber-uns\/","title":{"rendered":"\u00dcber uns"},"content":{"rendered":"","protected":false},"excerpt":{"rendered":"","protected":false},"author":2,"featured_media":0,"parent":0,"menu_order":0,"comment_status":"closed","ping_status":"closed","template":"","meta":{"footnotes":""},"folder":[10],"class_list":["post-3673","page","type-page","status-publish","hentry"],"yoast_head":"<!-- This site is optimized with the Yoast SEO plugin v27.1.1 - https:\/\/yoast.com\/product\/yoast-seo-wordpress\/ -->\n<title>\u00dcber uns | \u00dcbersetzungsdienstleister | Language Experts Group<\/title>\n<meta name=\"description\" content=\"Seit 2005 ist die Language Experts Group \u00dcbersetzungsdienstleister mit einem Team aus engagierten Linguisten und Technologieexperten auf der ganzen Welt.\" \/>\n<meta name=\"robots\" content=\"index, follow, max-snippet:-1, max-image-preview:large, max-video-preview:-1\" \/>\n<link rel=\"canonical\" href=\"https:\/\/leg.eu\/de\/uber-uns\/\" \/>\n<meta property=\"og:locale\" content=\"de_DE\" \/>\n<meta property=\"og:type\" content=\"article\" \/>\n<meta property=\"og:title\" content=\"\u00dcber uns | \u00dcbersetzungsdienstleister | Language Experts Group\" \/>\n<meta property=\"og:description\" content=\"Seit 2005 ist die Language Experts Group \u00dcbersetzungsdienstleister mit einem Team aus engagierten Linguisten und Technologieexperten auf der ganzen Welt.\" \/>\n<meta property=\"og:url\" content=\"https:\/\/leg.eu\/de\/uber-uns\/\" \/>\n<meta property=\"og:site_name\" content=\"Language Experts Group\" \/>\n<meta property=\"article:modified_time\" content=\"2025-11-03T09:47:43+00:00\" \/>\n<meta name=\"twitter:card\" content=\"summary_large_image\" \/>\n<meta name=\"twitter:label1\" content=\"Gesch\u00e4tzte Lesezeit\" \/>\n\t<meta name=\"twitter:data1\" content=\"8\u00a0Minuten\" \/>\n<script type=\"application\/ld+json\" class=\"yoast-schema-graph\">{\"@context\":\"https:\/\/schema.org\",\"@graph\":[{\"@type\":\"WebPage\",\"@id\":\"https:\/\/leg.eu\/de\/uber-uns\/\",\"url\":\"https:\/\/leg.eu\/de\/uber-uns\/\",\"name\":\"\u00dcber uns | \u00dcbersetzungsdienstleister | Language Experts Group\",\"isPartOf\":{\"@id\":\"https:\/\/leg.eu\/de\/#website\"},\"datePublished\":\"2025-05-19T11:00:00+00:00\",\"dateModified\":\"2025-11-03T09:47:43+00:00\",\"description\":\"Seit 2005 ist die Language Experts Group \u00dcbersetzungsdienstleister mit einem Team aus engagierten Linguisten und Technologieexperten auf der ganzen Welt.\",\"breadcrumb\":{\"@id\":\"https:\/\/leg.eu\/de\/uber-uns\/#breadcrumb\"},\"inLanguage\":\"de\",\"potentialAction\":[{\"@type\":\"ReadAction\",\"target\":[\"https:\/\/leg.eu\/de\/uber-uns\/\"]}]},{\"@type\":\"BreadcrumbList\",\"@id\":\"https:\/\/leg.eu\/de\/uber-uns\/#breadcrumb\",\"itemListElement\":[{\"@type\":\"ListItem\",\"position\":1,\"name\":\"Home\",\"item\":\"https:\/\/leg.eu\/de\/\"},{\"@type\":\"ListItem\",\"position\":2,\"name\":\"\u00dcber uns\"}]},{\"@type\":\"WebSite\",\"@id\":\"https:\/\/leg.eu\/de\/#website\",\"url\":\"https:\/\/leg.eu\/de\/\",\"name\":\"Language Experts Group\",\"description\":\"Language Experts Group\",\"potentialAction\":[{\"@type\":\"SearchAction\",\"target\":{\"@type\":\"EntryPoint\",\"urlTemplate\":\"https:\/\/leg.eu\/de\/?s={search_term_string}\"},\"query-input\":{\"@type\":\"PropertyValueSpecification\",\"valueRequired\":true,\"valueName\":\"search_term_string\"}}],\"inLanguage\":\"de\"}]}<\/script>\n<!-- \/ Yoast SEO plugin. -->","yoast_head_json":{"title":"\u00dcber uns | \u00dcbersetzungsdienstleister | Language Experts Group","description":"Seit 2005 ist die Language Experts Group \u00dcbersetzungsdienstleister mit einem Team aus engagierten Linguisten und Technologieexperten auf der ganzen Welt.","robots":{"index":"index","follow":"follow","max-snippet":"max-snippet:-1","max-image-preview":"max-image-preview:large","max-video-preview":"max-video-preview:-1"},"canonical":"https:\/\/leg.eu\/de\/uber-uns\/","og_locale":"de_DE","og_type":"article","og_title":"\u00dcber uns | \u00dcbersetzungsdienstleister | Language Experts Group","og_description":"Seit 2005 ist die Language Experts Group \u00dcbersetzungsdienstleister mit einem Team aus engagierten Linguisten und Technologieexperten auf der ganzen Welt.","og_url":"https:\/\/leg.eu\/de\/uber-uns\/","og_site_name":"Language Experts Group","article_modified_time":"2025-11-03T09:47:43+00:00","twitter_card":"summary_large_image","twitter_misc":{"Gesch\u00e4tzte Lesezeit":"8\u00a0Minuten"},"schema":{"@context":"https:\/\/schema.org","@graph":[{"@type":"WebPage","@id":"https:\/\/leg.eu\/de\/uber-uns\/","url":"https:\/\/leg.eu\/de\/uber-uns\/","name":"\u00dcber uns | \u00dcbersetzungsdienstleister | Language Experts Group","isPartOf":{"@id":"https:\/\/leg.eu\/de\/#website"},"datePublished":"2025-05-19T11:00:00+00:00","dateModified":"2025-11-03T09:47:43+00:00","description":"Seit 2005 ist die Language Experts Group \u00dcbersetzungsdienstleister mit einem Team aus engagierten Linguisten und Technologieexperten auf der ganzen Welt.","breadcrumb":{"@id":"https:\/\/leg.eu\/de\/uber-uns\/#breadcrumb"},"inLanguage":"de","potentialAction":[{"@type":"ReadAction","target":["https:\/\/leg.eu\/de\/uber-uns\/"]}]},{"@type":"BreadcrumbList","@id":"https:\/\/leg.eu\/de\/uber-uns\/#breadcrumb","itemListElement":[{"@type":"ListItem","position":1,"name":"Home","item":"https:\/\/leg.eu\/de\/"},{"@type":"ListItem","position":2,"name":"\u00dcber uns"}]},{"@type":"WebSite","@id":"https:\/\/leg.eu\/de\/#website","url":"https:\/\/leg.eu\/de\/","name":"Language Experts Group","description":"Language Experts Group","potentialAction":[{"@type":"SearchAction","target":{"@type":"EntryPoint","urlTemplate":"https:\/\/leg.eu\/de\/?s={search_term_string}"},"query-input":{"@type":"PropertyValueSpecification","valueRequired":true,"valueName":"search_term_string"}}],"inLanguage":"de"}]}},"_links":{"self":[{"href":"https:\/\/leg.eu\/de\/wp-json\/wp\/v2\/pages\/3673","targetHints":{"allow":["GET"]}}],"collection":[{"href":"https:\/\/leg.eu\/de\/wp-json\/wp\/v2\/pages"}],"about":[{"href":"https:\/\/leg.eu\/de\/wp-json\/wp\/v2\/types\/page"}],"author":[{"embeddable":true,"href":"https:\/\/leg.eu\/de\/wp-json\/wp\/v2\/users\/2"}],"replies":[{"embeddable":true,"href":"https:\/\/leg.eu\/de\/wp-json\/wp\/v2\/comments?post=3673"}],"version-history":[{"count":9,"href":"https:\/\/leg.eu\/de\/wp-json\/wp\/v2\/pages\/3673\/revisions"}],"predecessor-version":[{"id":4359,"href":"https:\/\/leg.eu\/de\/wp-json\/wp\/v2\/pages\/3673\/revisions\/4359"}],"wp:attachment":[{"href":"https:\/\/leg.eu\/de\/wp-json\/wp\/v2\/media?parent=3673"}],"wp:term":[{"taxonomy":"folder","embeddable":true,"href":"https:\/\/leg.eu\/de\/wp-json\/wp\/v2\/folder?post=3673"}],"curies":[{"name":"wp","href":"https:\/\/api.w.org\/{rel}","templated":true}]}}