{"id":3098,"date":"2025-05-19T13:00:00","date_gmt":"2025-05-19T11:00:00","guid":{"rendered":"https:\/\/leg.eu\/conditions-of-use\/"},"modified":"2025-08-18T17:53:43","modified_gmt":"2025-08-18T15:53:43","slug":"aszf","status":"publish","type":"page","link":"https:\/\/leg.eu\/hu\/aszf\/","title":{"rendered":"\u00c1ltal\u00e1nos szerz\u0151d\u00e9si felt\u00e9telek"},"content":{"rendered":"\n<p>\u00c1ltal\u00e1nos szerz\u0151d\u00e9si felt\u00e9telek (a tov\u00e1bbiakban: \u00c1SZF)<\/p>\n\n\n\n<p>A jelen \u00c1SZF hat\u00e1rozza meg a Language Experts Group (LEG Magyarorsz\u00e1g Szakford\u00edt\u00f3 \u00e9s Nyelvtechnol\u00f3giai Z\u00e1rtk\u00f6r\u0171en M\u0171k\u00f6d\u0151 R\u00e9szv\u00e9nyt\u00e1rsas\u00e1g, sz\u00e9khelye: 1075 Budapest, Mad\u00e1ch Imre \u00fat 11. II\/1.; k\u00e9pvisel\u0151: T\u00e9si Bogl\u00e1rka T\u00edmea, c\u00e9gjegyz\u00e9ksz\u00e1m: 01-10-047451, ad\u00f3sz\u00e1m: 14525616-2-41; nyilv\u00e1ntartja: F\u0151v\u00e1rosi T\u00f6rv\u00e9nysz\u00e9k C\u00e9gb\u00edr\u00f3s\u00e1ga) weboldal\u00e1nak haszn\u00e1lat\u00e1nak m\u00f3dj\u00e1ra vonatkoz\u00f3 \u00e1ltal\u00e1nos felt\u00e9teleket.<\/p>\n\n\n\n<p>A weboldal minden tartalm\u00e1ra a k\u00f6vetkez\u0151 felhaszn\u00e1l\u00e1si felt\u00e9telek vonatkoznak: A jelenlegi weboldal tartalma t\u00e1j\u00e9koztat\u00e1si c\u00e9lt szolg\u00e1l. B\u00e1r a Language Experts Group ellen\u0151rizte a weboldal tartalm\u00e1t, nem v\u00e1llal semmif\u00e9le garanci\u00e1t, kik\u00f6t\u00e9st, illetve nem tesz nyilatkozatot az inform\u00e1ci\u00f3k pontoss\u00e1g\u00e1val vagy teljesk\u00f6r\u0171s\u00e9g\u00e9vel kapcsolatban, \u00e9s nem v\u00e1llal felel\u0151ss\u00e9get az ilyen tartalomra val\u00f3 hagyatkoz\u00e1sb\u00f3l ered\u0151 k\u00e1rok\u00e9rt vagy vesztes\u00e9gek\u00e9rt.<\/p>\n\n\n\n<p>A weboldalunkr\u00f3l hiperhivatkoz\u00e1sok \u00fatj\u00e1n el\u00e9rhet\u0151 vagy weboldalunkra mutat\u00f3 k\u00fcls\u0151 weboldalak tartalma harmadik f\u00e9lt\u0151l sz\u00e1rmaz\u00f3 tartalom, amely\u00e9rt a Language Experts Group nem v\u00e1llal felel\u0151ss\u00e9get. Az internet saj\u00e1toss\u00e1gai \u00e9s az inform\u00e1ci\u00f3tov\u00e1bb\u00edt\u00e1s zavar\u00e1nak vagy megszakad\u00e1s\u00e1nak kock\u00e1zata miatt nem v\u00e1llalunk felel\u0151ss\u00e9get ezen inform\u00e1ci\u00f3k felhaszn\u00e1l\u00e1s\u00e1val kapcsolatban.<\/p>\n\n\n\n<p>A ford\u00edt\u00e1shoz sz\u00fcks\u00e9ges megfelel\u0151 szolg\u00e1ltat\u00e1s kiv\u00e1laszt\u00e1sa az \u00dcgyf\u00e9l feladata. A Language Experts Group nem v\u00e1llal felel\u0151ss\u00e9get az\u00e9rt, ha a kiv\u00e1lasztott szolg\u00e1ltat\u00e1s nem felel meg az \u00dcgyf\u00e9l egyedi ig\u00e9nyeinek.<\/p>\n\n\n\n<p>A jelen weboldal haszn\u00e1lat\u00e1val az \u00dcgyf\u00e9l elfogadja a jelen \u00c1SZF-et, valamint azt, hogy annak b\u00e1rmely m\u00f3dos\u00edt\u00e1sa a k\u00f6zz\u00e9t\u00e9telkor hat\u00e1lyba l\u00e9p.<\/p>\n\n\n\n<p>Budapest, 2020. j\u00fanius 22.<\/p>\n","protected":false},"excerpt":{"rendered":"<p>\u00c1ltal\u00e1nos szerz\u0151d\u00e9si felt\u00e9telek (a tov\u00e1bbiakban: \u00c1SZF) A jelen \u00c1SZF hat\u00e1rozza meg a Language Experts Group (LEG Magyarorsz\u00e1g Szakford\u00edt\u00f3 \u00e9s Nyelvtechnol\u00f3giai Z\u00e1rtk\u00f6r\u0171en M\u0171k\u00f6d\u0151 R\u00e9szv\u00e9nyt\u00e1rsas\u00e1g, sz\u00e9khelye: 1075 Budapest, Mad\u00e1ch Imre \u00fat 11. II\/1.; k\u00e9pvisel\u0151: T\u00e9si Bogl\u00e1rka T\u00edmea, c\u00e9gjegyz\u00e9ksz\u00e1m: 01-10-047451, ad\u00f3sz\u00e1m: 14525616-2-41; nyilv\u00e1ntartja: F\u0151v\u00e1rosi T\u00f6rv\u00e9nysz\u00e9k C\u00e9gb\u00edr\u00f3s\u00e1ga) weboldal\u00e1nak haszn\u00e1lat\u00e1nak m\u00f3dj\u00e1ra vonatkoz\u00f3 \u00e1ltal\u00e1nos felt\u00e9teleket. A weboldal minden tartalm\u00e1ra a k\u00f6vetkez\u0151 [&hellip;]<\/p>\n","protected":false},"author":2,"featured_media":0,"parent":0,"menu_order":0,"comment_status":"closed","ping_status":"closed","template":"","meta":{"footnotes":""},"folder":[23],"class_list":["post-3098","page","type-page","status-publish","hentry"],"yoast_head":"<!-- This site is optimized with the Yoast SEO plugin v27.1.1 - https:\/\/yoast.com\/product\/yoast-seo-wordpress\/ -->\n<title>\u00c1ltal\u00e1nos szerz\u0151d\u00e9si felt\u00e9telek - Language Experts Group<\/title>\n<meta name=\"robots\" content=\"index, follow, max-snippet:-1, max-image-preview:large, max-video-preview:-1\" \/>\n<link rel=\"canonical\" href=\"https:\/\/leg.eu\/hu\/aszf\/\" \/>\n<meta property=\"og:locale\" content=\"hu_HU\" \/>\n<meta property=\"og:type\" content=\"article\" \/>\n<meta property=\"og:title\" content=\"\u00c1ltal\u00e1nos szerz\u0151d\u00e9si felt\u00e9telek - Language Experts Group\" \/>\n<meta property=\"og:description\" content=\"\u00c1ltal\u00e1nos szerz\u0151d\u00e9si felt\u00e9telek (a tov\u00e1bbiakban: \u00c1SZF) A jelen \u00c1SZF hat\u00e1rozza meg a Language Experts Group (LEG Magyarorsz\u00e1g Szakford\u00edt\u00f3 \u00e9s Nyelvtechnol\u00f3giai Z\u00e1rtk\u00f6r\u0171en M\u0171k\u00f6d\u0151 R\u00e9szv\u00e9nyt\u00e1rsas\u00e1g, sz\u00e9khelye: 1075 Budapest, Mad\u00e1ch Imre \u00fat 11. II\/1.; k\u00e9pvisel\u0151: T\u00e9si Bogl\u00e1rka T\u00edmea, c\u00e9gjegyz\u00e9ksz\u00e1m: 01-10-047451, ad\u00f3sz\u00e1m: 14525616-2-41; nyilv\u00e1ntartja: F\u0151v\u00e1rosi T\u00f6rv\u00e9nysz\u00e9k C\u00e9gb\u00edr\u00f3s\u00e1ga) weboldal\u00e1nak haszn\u00e1lat\u00e1nak m\u00f3dj\u00e1ra vonatkoz\u00f3 \u00e1ltal\u00e1nos felt\u00e9teleket. A weboldal minden tartalm\u00e1ra a k\u00f6vetkez\u0151 [&hellip;]\" \/>\n<meta property=\"og:url\" content=\"https:\/\/leg.eu\/hu\/aszf\/\" \/>\n<meta property=\"og:site_name\" content=\"Language Experts Group\" \/>\n<meta property=\"article:modified_time\" content=\"2025-08-18T15:53:43+00:00\" \/>\n<meta name=\"twitter:card\" content=\"summary_large_image\" \/>\n<meta name=\"twitter:label1\" content=\"Becs\u00fclt olvas\u00e1si id\u0151\" \/>\n\t<meta name=\"twitter:data1\" content=\"1 perc\" \/>\n<script type=\"application\/ld+json\" class=\"yoast-schema-graph\">{\"@context\":\"https:\/\/schema.org\",\"@graph\":[{\"@type\":\"WebPage\",\"@id\":\"https:\/\/leg.eu\/hu\/aszf\/\",\"url\":\"https:\/\/leg.eu\/hu\/aszf\/\",\"name\":\"\u00c1ltal\u00e1nos szerz\u0151d\u00e9si felt\u00e9telek - Language Experts Group\",\"isPartOf\":{\"@id\":\"https:\/\/leg.eu\/hu\/#website\"},\"datePublished\":\"2025-05-19T11:00:00+00:00\",\"dateModified\":\"2025-08-18T15:53:43+00:00\",\"breadcrumb\":{\"@id\":\"https:\/\/leg.eu\/hu\/aszf\/#breadcrumb\"},\"inLanguage\":\"hu\",\"potentialAction\":[{\"@type\":\"ReadAction\",\"target\":[\"https:\/\/leg.eu\/hu\/aszf\/\"]}]},{\"@type\":\"BreadcrumbList\",\"@id\":\"https:\/\/leg.eu\/hu\/aszf\/#breadcrumb\",\"itemListElement\":[{\"@type\":\"ListItem\",\"position\":1,\"name\":\"Home\",\"item\":\"https:\/\/leg.eu\/hu\/\"},{\"@type\":\"ListItem\",\"position\":2,\"name\":\"\u00c1ltal\u00e1nos szerz\u0151d\u00e9si felt\u00e9telek\"}]},{\"@type\":\"WebSite\",\"@id\":\"https:\/\/leg.eu\/hu\/#website\",\"url\":\"https:\/\/leg.eu\/hu\/\",\"name\":\"Language Experts Group\",\"description\":\"Language Experts Group\",\"potentialAction\":[{\"@type\":\"SearchAction\",\"target\":{\"@type\":\"EntryPoint\",\"urlTemplate\":\"https:\/\/leg.eu\/hu\/?s={search_term_string}\"},\"query-input\":{\"@type\":\"PropertyValueSpecification\",\"valueRequired\":true,\"valueName\":\"search_term_string\"}}],\"inLanguage\":\"hu\"}]}<\/script>\n<!-- \/ Yoast SEO plugin. -->","yoast_head_json":{"title":"\u00c1ltal\u00e1nos szerz\u0151d\u00e9si felt\u00e9telek - Language Experts Group","robots":{"index":"index","follow":"follow","max-snippet":"max-snippet:-1","max-image-preview":"max-image-preview:large","max-video-preview":"max-video-preview:-1"},"canonical":"https:\/\/leg.eu\/hu\/aszf\/","og_locale":"hu_HU","og_type":"article","og_title":"\u00c1ltal\u00e1nos szerz\u0151d\u00e9si felt\u00e9telek - Language Experts Group","og_description":"\u00c1ltal\u00e1nos szerz\u0151d\u00e9si felt\u00e9telek (a tov\u00e1bbiakban: \u00c1SZF) A jelen \u00c1SZF hat\u00e1rozza meg a Language Experts Group (LEG Magyarorsz\u00e1g Szakford\u00edt\u00f3 \u00e9s Nyelvtechnol\u00f3giai Z\u00e1rtk\u00f6r\u0171en M\u0171k\u00f6d\u0151 R\u00e9szv\u00e9nyt\u00e1rsas\u00e1g, sz\u00e9khelye: 1075 Budapest, Mad\u00e1ch Imre \u00fat 11. II\/1.; k\u00e9pvisel\u0151: T\u00e9si Bogl\u00e1rka T\u00edmea, c\u00e9gjegyz\u00e9ksz\u00e1m: 01-10-047451, ad\u00f3sz\u00e1m: 14525616-2-41; nyilv\u00e1ntartja: F\u0151v\u00e1rosi T\u00f6rv\u00e9nysz\u00e9k C\u00e9gb\u00edr\u00f3s\u00e1ga) weboldal\u00e1nak haszn\u00e1lat\u00e1nak m\u00f3dj\u00e1ra vonatkoz\u00f3 \u00e1ltal\u00e1nos felt\u00e9teleket. A weboldal minden tartalm\u00e1ra a k\u00f6vetkez\u0151 [&hellip;]","og_url":"https:\/\/leg.eu\/hu\/aszf\/","og_site_name":"Language Experts Group","article_modified_time":"2025-08-18T15:53:43+00:00","twitter_card":"summary_large_image","twitter_misc":{"Becs\u00fclt olvas\u00e1si id\u0151":"1 perc"},"schema":{"@context":"https:\/\/schema.org","@graph":[{"@type":"WebPage","@id":"https:\/\/leg.eu\/hu\/aszf\/","url":"https:\/\/leg.eu\/hu\/aszf\/","name":"\u00c1ltal\u00e1nos szerz\u0151d\u00e9si felt\u00e9telek - Language Experts Group","isPartOf":{"@id":"https:\/\/leg.eu\/hu\/#website"},"datePublished":"2025-05-19T11:00:00+00:00","dateModified":"2025-08-18T15:53:43+00:00","breadcrumb":{"@id":"https:\/\/leg.eu\/hu\/aszf\/#breadcrumb"},"inLanguage":"hu","potentialAction":[{"@type":"ReadAction","target":["https:\/\/leg.eu\/hu\/aszf\/"]}]},{"@type":"BreadcrumbList","@id":"https:\/\/leg.eu\/hu\/aszf\/#breadcrumb","itemListElement":[{"@type":"ListItem","position":1,"name":"Home","item":"https:\/\/leg.eu\/hu\/"},{"@type":"ListItem","position":2,"name":"\u00c1ltal\u00e1nos szerz\u0151d\u00e9si felt\u00e9telek"}]},{"@type":"WebSite","@id":"https:\/\/leg.eu\/hu\/#website","url":"https:\/\/leg.eu\/hu\/","name":"Language Experts Group","description":"Language Experts Group","potentialAction":[{"@type":"SearchAction","target":{"@type":"EntryPoint","urlTemplate":"https:\/\/leg.eu\/hu\/?s={search_term_string}"},"query-input":{"@type":"PropertyValueSpecification","valueRequired":true,"valueName":"search_term_string"}}],"inLanguage":"hu"}]}},"_links":{"self":[{"href":"https:\/\/leg.eu\/hu\/wp-json\/wp\/v2\/pages\/3098","targetHints":{"allow":["GET"]}}],"collection":[{"href":"https:\/\/leg.eu\/hu\/wp-json\/wp\/v2\/pages"}],"about":[{"href":"https:\/\/leg.eu\/hu\/wp-json\/wp\/v2\/types\/page"}],"author":[{"embeddable":true,"href":"https:\/\/leg.eu\/hu\/wp-json\/wp\/v2\/users\/2"}],"replies":[{"embeddable":true,"href":"https:\/\/leg.eu\/hu\/wp-json\/wp\/v2\/comments?post=3098"}],"version-history":[{"count":0,"href":"https:\/\/leg.eu\/hu\/wp-json\/wp\/v2\/pages\/3098\/revisions"}],"wp:attachment":[{"href":"https:\/\/leg.eu\/hu\/wp-json\/wp\/v2\/media?parent=3098"}],"wp:term":[{"taxonomy":"folder","embeddable":true,"href":"https:\/\/leg.eu\/hu\/wp-json\/wp\/v2\/folder?post=3098"}],"curies":[{"name":"wp","href":"https:\/\/api.w.org\/{rel}","templated":true}]}}