{"id":3160,"date":"2025-05-19T13:00:00","date_gmt":"2025-05-19T11:00:00","guid":{"rendered":"https:\/\/leg.eu\/get-a-quote\/"},"modified":"2025-10-14T23:14:59","modified_gmt":"2025-10-14T21:14:59","slug":"arajanlat","status":"publish","type":"page","link":"https:\/\/leg.eu\/hu\/arajanlat\/","title":{"rendered":"Aj\u00e1nlatk\u00e9r\u00e9s"},"content":{"rendered":"","protected":false},"excerpt":{"rendered":"","protected":false},"author":2,"featured_media":0,"parent":0,"menu_order":0,"comment_status":"closed","ping_status":"closed","template":"","meta":{"footnotes":""},"folder":[14],"class_list":["post-3160","page","type-page","status-publish","hentry"],"yoast_head":"<!-- This site is optimized with the Yoast SEO plugin v27.1.1 - https:\/\/yoast.com\/product\/yoast-seo-wordpress\/ -->\n<title>K\u00e9rjen ford\u00edt\u00e1si \u00e1raj\u00e1nlatot gyorsan | Language Experts Group<\/title>\n<meta name=\"description\" content=\"Seg\u00edt\u00fcnk, ak\u00e1r egyetlen dokumentum ford\u00edt\u00e1s\u00e1ra, ak\u00e1r \u00f6sszetett, testreszabott lokaliz\u00e1ci\u00f3s megold\u00e1sokra van sz\u00fcks\u00e9ge. K\u00e9rjen \u00e1raj\u00e1nlatot!\" \/>\n<meta name=\"robots\" content=\"index, follow, max-snippet:-1, max-image-preview:large, max-video-preview:-1\" \/>\n<link rel=\"canonical\" href=\"https:\/\/leg.eu\/hu\/arajanlat\/\" \/>\n<meta property=\"og:locale\" content=\"hu_HU\" \/>\n<meta property=\"og:type\" content=\"article\" \/>\n<meta property=\"og:title\" content=\"K\u00e9rjen ford\u00edt\u00e1si \u00e1raj\u00e1nlatot gyorsan | Language Experts Group\" \/>\n<meta property=\"og:description\" content=\"Seg\u00edt\u00fcnk, ak\u00e1r egyetlen dokumentum ford\u00edt\u00e1s\u00e1ra, ak\u00e1r \u00f6sszetett, testreszabott lokaliz\u00e1ci\u00f3s megold\u00e1sokra van sz\u00fcks\u00e9ge. K\u00e9rjen \u00e1raj\u00e1nlatot!\" \/>\n<meta property=\"og:url\" content=\"https:\/\/leg.eu\/hu\/arajanlat\/\" \/>\n<meta property=\"og:site_name\" content=\"Language Experts Group\" \/>\n<meta property=\"article:modified_time\" content=\"2025-10-14T21:14:59+00:00\" \/>\n<meta name=\"twitter:card\" content=\"summary_large_image\" \/>\n<meta name=\"twitter:label1\" content=\"Becs\u00fclt olvas\u00e1si id\u0151\" \/>\n\t<meta name=\"twitter:data1\" content=\"1 perc\" \/>\n<script type=\"application\/ld+json\" class=\"yoast-schema-graph\">{\"@context\":\"https:\/\/schema.org\",\"@graph\":[{\"@type\":\"WebPage\",\"@id\":\"https:\/\/leg.eu\/hu\/arajanlat\/\",\"url\":\"https:\/\/leg.eu\/hu\/arajanlat\/\",\"name\":\"K\u00e9rjen ford\u00edt\u00e1si \u00e1raj\u00e1nlatot gyorsan | Language Experts Group\",\"isPartOf\":{\"@id\":\"https:\/\/leg.eu\/hu\/#website\"},\"datePublished\":\"2025-05-19T11:00:00+00:00\",\"dateModified\":\"2025-10-14T21:14:59+00:00\",\"description\":\"Seg\u00edt\u00fcnk, ak\u00e1r egyetlen dokumentum ford\u00edt\u00e1s\u00e1ra, ak\u00e1r \u00f6sszetett, testreszabott lokaliz\u00e1ci\u00f3s megold\u00e1sokra van sz\u00fcks\u00e9ge. K\u00e9rjen \u00e1raj\u00e1nlatot!\",\"breadcrumb\":{\"@id\":\"https:\/\/leg.eu\/hu\/arajanlat\/#breadcrumb\"},\"inLanguage\":\"hu\",\"potentialAction\":[{\"@type\":\"ReadAction\",\"target\":[\"https:\/\/leg.eu\/hu\/arajanlat\/\"]}]},{\"@type\":\"BreadcrumbList\",\"@id\":\"https:\/\/leg.eu\/hu\/arajanlat\/#breadcrumb\",\"itemListElement\":[{\"@type\":\"ListItem\",\"position\":1,\"name\":\"Home\",\"item\":\"https:\/\/leg.eu\/hu\/\"},{\"@type\":\"ListItem\",\"position\":2,\"name\":\"Aj\u00e1nlatk\u00e9r\u00e9s\"}]},{\"@type\":\"WebSite\",\"@id\":\"https:\/\/leg.eu\/hu\/#website\",\"url\":\"https:\/\/leg.eu\/hu\/\",\"name\":\"Language Experts Group\",\"description\":\"Language Experts Group\",\"potentialAction\":[{\"@type\":\"SearchAction\",\"target\":{\"@type\":\"EntryPoint\",\"urlTemplate\":\"https:\/\/leg.eu\/hu\/?s={search_term_string}\"},\"query-input\":{\"@type\":\"PropertyValueSpecification\",\"valueRequired\":true,\"valueName\":\"search_term_string\"}}],\"inLanguage\":\"hu\"}]}<\/script>\n<!-- \/ Yoast SEO plugin. -->","yoast_head_json":{"title":"K\u00e9rjen ford\u00edt\u00e1si \u00e1raj\u00e1nlatot gyorsan | Language Experts Group","description":"Seg\u00edt\u00fcnk, ak\u00e1r egyetlen dokumentum ford\u00edt\u00e1s\u00e1ra, ak\u00e1r \u00f6sszetett, testreszabott lokaliz\u00e1ci\u00f3s megold\u00e1sokra van sz\u00fcks\u00e9ge. K\u00e9rjen \u00e1raj\u00e1nlatot!","robots":{"index":"index","follow":"follow","max-snippet":"max-snippet:-1","max-image-preview":"max-image-preview:large","max-video-preview":"max-video-preview:-1"},"canonical":"https:\/\/leg.eu\/hu\/arajanlat\/","og_locale":"hu_HU","og_type":"article","og_title":"K\u00e9rjen ford\u00edt\u00e1si \u00e1raj\u00e1nlatot gyorsan | Language Experts Group","og_description":"Seg\u00edt\u00fcnk, ak\u00e1r egyetlen dokumentum ford\u00edt\u00e1s\u00e1ra, ak\u00e1r \u00f6sszetett, testreszabott lokaliz\u00e1ci\u00f3s megold\u00e1sokra van sz\u00fcks\u00e9ge. K\u00e9rjen \u00e1raj\u00e1nlatot!","og_url":"https:\/\/leg.eu\/hu\/arajanlat\/","og_site_name":"Language Experts Group","article_modified_time":"2025-10-14T21:14:59+00:00","twitter_card":"summary_large_image","twitter_misc":{"Becs\u00fclt olvas\u00e1si id\u0151":"1 perc"},"schema":{"@context":"https:\/\/schema.org","@graph":[{"@type":"WebPage","@id":"https:\/\/leg.eu\/hu\/arajanlat\/","url":"https:\/\/leg.eu\/hu\/arajanlat\/","name":"K\u00e9rjen ford\u00edt\u00e1si \u00e1raj\u00e1nlatot gyorsan | Language Experts Group","isPartOf":{"@id":"https:\/\/leg.eu\/hu\/#website"},"datePublished":"2025-05-19T11:00:00+00:00","dateModified":"2025-10-14T21:14:59+00:00","description":"Seg\u00edt\u00fcnk, ak\u00e1r egyetlen dokumentum ford\u00edt\u00e1s\u00e1ra, ak\u00e1r \u00f6sszetett, testreszabott lokaliz\u00e1ci\u00f3s megold\u00e1sokra van sz\u00fcks\u00e9ge. K\u00e9rjen \u00e1raj\u00e1nlatot!","breadcrumb":{"@id":"https:\/\/leg.eu\/hu\/arajanlat\/#breadcrumb"},"inLanguage":"hu","potentialAction":[{"@type":"ReadAction","target":["https:\/\/leg.eu\/hu\/arajanlat\/"]}]},{"@type":"BreadcrumbList","@id":"https:\/\/leg.eu\/hu\/arajanlat\/#breadcrumb","itemListElement":[{"@type":"ListItem","position":1,"name":"Home","item":"https:\/\/leg.eu\/hu\/"},{"@type":"ListItem","position":2,"name":"Aj\u00e1nlatk\u00e9r\u00e9s"}]},{"@type":"WebSite","@id":"https:\/\/leg.eu\/hu\/#website","url":"https:\/\/leg.eu\/hu\/","name":"Language Experts Group","description":"Language Experts Group","potentialAction":[{"@type":"SearchAction","target":{"@type":"EntryPoint","urlTemplate":"https:\/\/leg.eu\/hu\/?s={search_term_string}"},"query-input":{"@type":"PropertyValueSpecification","valueRequired":true,"valueName":"search_term_string"}}],"inLanguage":"hu"}]}},"_links":{"self":[{"href":"https:\/\/leg.eu\/hu\/wp-json\/wp\/v2\/pages\/3160","targetHints":{"allow":["GET"]}}],"collection":[{"href":"https:\/\/leg.eu\/hu\/wp-json\/wp\/v2\/pages"}],"about":[{"href":"https:\/\/leg.eu\/hu\/wp-json\/wp\/v2\/types\/page"}],"author":[{"embeddable":true,"href":"https:\/\/leg.eu\/hu\/wp-json\/wp\/v2\/users\/2"}],"replies":[{"embeddable":true,"href":"https:\/\/leg.eu\/hu\/wp-json\/wp\/v2\/comments?post=3160"}],"version-history":[{"count":0,"href":"https:\/\/leg.eu\/hu\/wp-json\/wp\/v2\/pages\/3160\/revisions"}],"wp:attachment":[{"href":"https:\/\/leg.eu\/hu\/wp-json\/wp\/v2\/media?parent=3160"}],"wp:term":[{"taxonomy":"folder","embeddable":true,"href":"https:\/\/leg.eu\/hu\/wp-json\/wp\/v2\/folder?post=3160"}],"curies":[{"name":"wp","href":"https:\/\/api.w.org\/{rel}","templated":true}]}}