{"id":3289,"date":"2025-05-19T13:00:00","date_gmt":"2025-05-19T11:00:00","guid":{"rendered":"https:\/\/leg.eu\/industries\/"},"modified":"2025-11-03T11:25:38","modified_gmt":"2025-11-03T10:25:38","slug":"iparagak","status":"publish","type":"page","link":"https:\/\/leg.eu\/hu\/iparagak\/","title":{"rendered":"Ipar\u00e1gak"},"content":{"rendered":"","protected":false},"excerpt":{"rendered":"","protected":false},"author":2,"featured_media":4058,"parent":0,"menu_order":0,"comment_status":"closed","ping_status":"closed","template":"","meta":{"footnotes":""},"folder":[11],"class_list":["post-3289","page","type-page","status-publish","has-post-thumbnail","hentry"],"yoast_head":"<!-- This site is optimized with the Yoast SEO plugin v27.1.1 - https:\/\/yoast.com\/product\/yoast-seo-wordpress\/ -->\n<title>Ipar\u00e1gak - Language Experts Group<\/title>\n<meta name=\"robots\" content=\"index, follow, max-snippet:-1, max-image-preview:large, max-video-preview:-1\" \/>\n<link rel=\"canonical\" href=\"https:\/\/leg.eu\/hu\/iparagak\/\" \/>\n<meta property=\"og:locale\" content=\"hu_HU\" \/>\n<meta property=\"og:type\" content=\"article\" \/>\n<meta property=\"og:title\" content=\"Ipar\u00e1gak - Language Experts Group\" \/>\n<meta property=\"og:url\" content=\"https:\/\/leg.eu\/hu\/iparagak\/\" \/>\n<meta property=\"og:site_name\" content=\"Language Experts Group\" \/>\n<meta property=\"article:modified_time\" content=\"2025-11-03T10:25:38+00:00\" \/>\n<meta property=\"og:image\" content=\"https:\/\/leg.eu\/wp-content\/uploads\/2025\/10\/LEG.EU-Industries-Featured-IMG.webp\" \/>\n\t<meta property=\"og:image:width\" content=\"1200\" \/>\n\t<meta property=\"og:image:height\" content=\"675\" \/>\n\t<meta property=\"og:image:type\" content=\"image\/webp\" \/>\n<meta name=\"twitter:card\" content=\"summary_large_image\" \/>\n<meta name=\"twitter:label1\" content=\"Becs\u00fclt olvas\u00e1si id\u0151\" \/>\n\t<meta name=\"twitter:data1\" content=\"4 perc\" \/>\n<script type=\"application\/ld+json\" class=\"yoast-schema-graph\">{\"@context\":\"https:\/\/schema.org\",\"@graph\":[{\"@type\":\"WebPage\",\"@id\":\"https:\/\/leg.eu\/hu\/iparagak\/\",\"url\":\"https:\/\/leg.eu\/hu\/iparagak\/\",\"name\":\"Ipar\u00e1gak - Language Experts Group\",\"isPartOf\":{\"@id\":\"https:\/\/leg.eu\/hu\/#website\"},\"primaryImageOfPage\":{\"@id\":\"https:\/\/leg.eu\/hu\/iparagak\/#primaryimage\"},\"image\":{\"@id\":\"https:\/\/leg.eu\/hu\/iparagak\/#primaryimage\"},\"thumbnailUrl\":\"https:\/\/leg.eu\/wp-content\/uploads\/2025\/10\/LEG.EU-Industries-Featured-IMG.webp\",\"datePublished\":\"2025-05-19T11:00:00+00:00\",\"dateModified\":\"2025-11-03T10:25:38+00:00\",\"breadcrumb\":{\"@id\":\"https:\/\/leg.eu\/hu\/iparagak\/#breadcrumb\"},\"inLanguage\":\"hu\",\"potentialAction\":[{\"@type\":\"ReadAction\",\"target\":[\"https:\/\/leg.eu\/hu\/iparagak\/\"]}]},{\"@type\":\"ImageObject\",\"inLanguage\":\"hu\",\"@id\":\"https:\/\/leg.eu\/hu\/iparagak\/#primaryimage\",\"url\":\"https:\/\/leg.eu\/wp-content\/uploads\/2025\/10\/LEG.EU-Industries-Featured-IMG.webp\",\"contentUrl\":\"https:\/\/leg.eu\/wp-content\/uploads\/2025\/10\/LEG.EU-Industries-Featured-IMG.webp\",\"width\":1200,\"height\":675,\"caption\":\"LEG.EU\"},{\"@type\":\"BreadcrumbList\",\"@id\":\"https:\/\/leg.eu\/hu\/iparagak\/#breadcrumb\",\"itemListElement\":[{\"@type\":\"ListItem\",\"position\":1,\"name\":\"Home\",\"item\":\"https:\/\/leg.eu\/hu\/\"},{\"@type\":\"ListItem\",\"position\":2,\"name\":\"Ipar\u00e1gak\"}]},{\"@type\":\"WebSite\",\"@id\":\"https:\/\/leg.eu\/hu\/#website\",\"url\":\"https:\/\/leg.eu\/hu\/\",\"name\":\"Language Experts Group\",\"description\":\"Language Experts Group\",\"potentialAction\":[{\"@type\":\"SearchAction\",\"target\":{\"@type\":\"EntryPoint\",\"urlTemplate\":\"https:\/\/leg.eu\/hu\/?s={search_term_string}\"},\"query-input\":{\"@type\":\"PropertyValueSpecification\",\"valueRequired\":true,\"valueName\":\"search_term_string\"}}],\"inLanguage\":\"hu\"}]}<\/script>\n<!-- \/ Yoast SEO plugin. -->","yoast_head_json":{"title":"Ipar\u00e1gak - Language Experts Group","robots":{"index":"index","follow":"follow","max-snippet":"max-snippet:-1","max-image-preview":"max-image-preview:large","max-video-preview":"max-video-preview:-1"},"canonical":"https:\/\/leg.eu\/hu\/iparagak\/","og_locale":"hu_HU","og_type":"article","og_title":"Ipar\u00e1gak - Language Experts Group","og_url":"https:\/\/leg.eu\/hu\/iparagak\/","og_site_name":"Language Experts Group","article_modified_time":"2025-11-03T10:25:38+00:00","og_image":[{"width":1200,"height":675,"url":"https:\/\/leg.eu\/wp-content\/uploads\/2025\/10\/LEG.EU-Industries-Featured-IMG.webp","type":"image\/webp"}],"twitter_card":"summary_large_image","twitter_misc":{"Becs\u00fclt olvas\u00e1si id\u0151":"4 perc"},"schema":{"@context":"https:\/\/schema.org","@graph":[{"@type":"WebPage","@id":"https:\/\/leg.eu\/hu\/iparagak\/","url":"https:\/\/leg.eu\/hu\/iparagak\/","name":"Ipar\u00e1gak - Language Experts Group","isPartOf":{"@id":"https:\/\/leg.eu\/hu\/#website"},"primaryImageOfPage":{"@id":"https:\/\/leg.eu\/hu\/iparagak\/#primaryimage"},"image":{"@id":"https:\/\/leg.eu\/hu\/iparagak\/#primaryimage"},"thumbnailUrl":"https:\/\/leg.eu\/wp-content\/uploads\/2025\/10\/LEG.EU-Industries-Featured-IMG.webp","datePublished":"2025-05-19T11:00:00+00:00","dateModified":"2025-11-03T10:25:38+00:00","breadcrumb":{"@id":"https:\/\/leg.eu\/hu\/iparagak\/#breadcrumb"},"inLanguage":"hu","potentialAction":[{"@type":"ReadAction","target":["https:\/\/leg.eu\/hu\/iparagak\/"]}]},{"@type":"ImageObject","inLanguage":"hu","@id":"https:\/\/leg.eu\/hu\/iparagak\/#primaryimage","url":"https:\/\/leg.eu\/wp-content\/uploads\/2025\/10\/LEG.EU-Industries-Featured-IMG.webp","contentUrl":"https:\/\/leg.eu\/wp-content\/uploads\/2025\/10\/LEG.EU-Industries-Featured-IMG.webp","width":1200,"height":675,"caption":"LEG.EU"},{"@type":"BreadcrumbList","@id":"https:\/\/leg.eu\/hu\/iparagak\/#breadcrumb","itemListElement":[{"@type":"ListItem","position":1,"name":"Home","item":"https:\/\/leg.eu\/hu\/"},{"@type":"ListItem","position":2,"name":"Ipar\u00e1gak"}]},{"@type":"WebSite","@id":"https:\/\/leg.eu\/hu\/#website","url":"https:\/\/leg.eu\/hu\/","name":"Language Experts Group","description":"Language Experts Group","potentialAction":[{"@type":"SearchAction","target":{"@type":"EntryPoint","urlTemplate":"https:\/\/leg.eu\/hu\/?s={search_term_string}"},"query-input":{"@type":"PropertyValueSpecification","valueRequired":true,"valueName":"search_term_string"}}],"inLanguage":"hu"}]}},"_links":{"self":[{"href":"https:\/\/leg.eu\/hu\/wp-json\/wp\/v2\/pages\/3289","targetHints":{"allow":["GET"]}}],"collection":[{"href":"https:\/\/leg.eu\/hu\/wp-json\/wp\/v2\/pages"}],"about":[{"href":"https:\/\/leg.eu\/hu\/wp-json\/wp\/v2\/types\/page"}],"author":[{"embeddable":true,"href":"https:\/\/leg.eu\/hu\/wp-json\/wp\/v2\/users\/2"}],"replies":[{"embeddable":true,"href":"https:\/\/leg.eu\/hu\/wp-json\/wp\/v2\/comments?post=3289"}],"version-history":[{"count":3,"href":"https:\/\/leg.eu\/hu\/wp-json\/wp\/v2\/pages\/3289\/revisions"}],"predecessor-version":[{"id":4366,"href":"https:\/\/leg.eu\/hu\/wp-json\/wp\/v2\/pages\/3289\/revisions\/4366"}],"wp:featuredmedia":[{"embeddable":true,"href":"https:\/\/leg.eu\/hu\/wp-json\/wp\/v2\/media\/4058"}],"wp:attachment":[{"href":"https:\/\/leg.eu\/hu\/wp-json\/wp\/v2\/media?parent=3289"}],"wp:term":[{"taxonomy":"folder","embeddable":true,"href":"https:\/\/leg.eu\/hu\/wp-json\/wp\/v2\/folder?post=3289"}],"curies":[{"name":"wp","href":"https:\/\/api.w.org\/{rel}","templated":true}]}}