{"id":3315,"date":"2025-05-19T13:00:00","date_gmt":"2025-05-19T11:00:00","guid":{"rendered":"https:\/\/leg.eu\/contact-us\/"},"modified":"2025-10-15T00:06:09","modified_gmt":"2025-10-14T22:06:09","slug":"kapcsolat","status":"publish","type":"page","link":"https:\/\/leg.eu\/hu\/kapcsolat\/","title":{"rendered":"Kapcsolat"},"content":{"rendered":"","protected":false},"excerpt":{"rendered":"","protected":false},"author":2,"featured_media":0,"parent":0,"menu_order":0,"comment_status":"closed","ping_status":"closed","template":"","meta":{"footnotes":""},"folder":[14],"class_list":["post-3315","page","type-page","status-publish","hentry"],"yoast_head":"<!-- This site is optimized with the Yoast SEO plugin v27.1.1 - https:\/\/yoast.com\/product\/yoast-seo-wordpress\/ -->\n<title>Kapcsolat | Min\u0151s\u00e9gi ford\u00edt\u00e1si szolg\u00e1ltat\u00e1sok | Language Experts<\/title>\n<meta name=\"description\" content=\"Min\u0151s\u00e9gi ford\u00edt\u00e1si szolg\u00e1ltat\u00e1sok az emberi kreativit\u00e1s \u00e9s a g\u00e9pi intelligencia egy\u00fcttm\u0171k\u00f6d\u00e9s\u00e9ben - elhivatott nyelvi szakemberekkel.\" \/>\n<meta name=\"robots\" content=\"index, follow, max-snippet:-1, max-image-preview:large, max-video-preview:-1\" \/>\n<link rel=\"canonical\" href=\"https:\/\/leg.eu\/hu\/kapcsolat\/\" \/>\n<meta property=\"og:locale\" content=\"hu_HU\" \/>\n<meta property=\"og:type\" content=\"article\" \/>\n<meta property=\"og:title\" content=\"Kapcsolat | Min\u0151s\u00e9gi ford\u00edt\u00e1si szolg\u00e1ltat\u00e1sok | Language Experts\" \/>\n<meta property=\"og:description\" content=\"Min\u0151s\u00e9gi ford\u00edt\u00e1si szolg\u00e1ltat\u00e1sok az emberi kreativit\u00e1s \u00e9s a g\u00e9pi intelligencia egy\u00fcttm\u0171k\u00f6d\u00e9s\u00e9ben - elhivatott nyelvi szakemberekkel.\" \/>\n<meta property=\"og:url\" content=\"https:\/\/leg.eu\/hu\/kapcsolat\/\" \/>\n<meta property=\"og:site_name\" content=\"Language Experts Group\" \/>\n<meta property=\"article:modified_time\" content=\"2025-10-14T22:06:09+00:00\" \/>\n<meta name=\"twitter:card\" content=\"summary_large_image\" \/>\n<meta name=\"twitter:label1\" content=\"Becs\u00fclt olvas\u00e1si id\u0151\" \/>\n\t<meta name=\"twitter:data1\" content=\"1 perc\" \/>\n<script type=\"application\/ld+json\" class=\"yoast-schema-graph\">{\"@context\":\"https:\/\/schema.org\",\"@graph\":[{\"@type\":\"WebPage\",\"@id\":\"https:\/\/leg.eu\/hu\/kapcsolat\/\",\"url\":\"https:\/\/leg.eu\/hu\/kapcsolat\/\",\"name\":\"Kapcsolat | Min\u0151s\u00e9gi ford\u00edt\u00e1si szolg\u00e1ltat\u00e1sok | Language Experts\",\"isPartOf\":{\"@id\":\"https:\/\/leg.eu\/hu\/#website\"},\"datePublished\":\"2025-05-19T11:00:00+00:00\",\"dateModified\":\"2025-10-14T22:06:09+00:00\",\"description\":\"Min\u0151s\u00e9gi ford\u00edt\u00e1si szolg\u00e1ltat\u00e1sok az emberi kreativit\u00e1s \u00e9s a g\u00e9pi intelligencia egy\u00fcttm\u0171k\u00f6d\u00e9s\u00e9ben - elhivatott nyelvi szakemberekkel.\",\"breadcrumb\":{\"@id\":\"https:\/\/leg.eu\/hu\/kapcsolat\/#breadcrumb\"},\"inLanguage\":\"hu\",\"potentialAction\":[{\"@type\":\"ReadAction\",\"target\":[\"https:\/\/leg.eu\/hu\/kapcsolat\/\"]}]},{\"@type\":\"BreadcrumbList\",\"@id\":\"https:\/\/leg.eu\/hu\/kapcsolat\/#breadcrumb\",\"itemListElement\":[{\"@type\":\"ListItem\",\"position\":1,\"name\":\"Home\",\"item\":\"https:\/\/leg.eu\/hu\/\"},{\"@type\":\"ListItem\",\"position\":2,\"name\":\"Kapcsolat\"}]},{\"@type\":\"WebSite\",\"@id\":\"https:\/\/leg.eu\/hu\/#website\",\"url\":\"https:\/\/leg.eu\/hu\/\",\"name\":\"Language Experts Group\",\"description\":\"Language Experts Group\",\"potentialAction\":[{\"@type\":\"SearchAction\",\"target\":{\"@type\":\"EntryPoint\",\"urlTemplate\":\"https:\/\/leg.eu\/hu\/?s={search_term_string}\"},\"query-input\":{\"@type\":\"PropertyValueSpecification\",\"valueRequired\":true,\"valueName\":\"search_term_string\"}}],\"inLanguage\":\"hu\"}]}<\/script>\n<!-- \/ Yoast SEO plugin. -->","yoast_head_json":{"title":"Kapcsolat | Min\u0151s\u00e9gi ford\u00edt\u00e1si szolg\u00e1ltat\u00e1sok | Language Experts","description":"Min\u0151s\u00e9gi ford\u00edt\u00e1si szolg\u00e1ltat\u00e1sok az emberi kreativit\u00e1s \u00e9s a g\u00e9pi intelligencia egy\u00fcttm\u0171k\u00f6d\u00e9s\u00e9ben - elhivatott nyelvi szakemberekkel.","robots":{"index":"index","follow":"follow","max-snippet":"max-snippet:-1","max-image-preview":"max-image-preview:large","max-video-preview":"max-video-preview:-1"},"canonical":"https:\/\/leg.eu\/hu\/kapcsolat\/","og_locale":"hu_HU","og_type":"article","og_title":"Kapcsolat | Min\u0151s\u00e9gi ford\u00edt\u00e1si szolg\u00e1ltat\u00e1sok | Language Experts","og_description":"Min\u0151s\u00e9gi ford\u00edt\u00e1si szolg\u00e1ltat\u00e1sok az emberi kreativit\u00e1s \u00e9s a g\u00e9pi intelligencia egy\u00fcttm\u0171k\u00f6d\u00e9s\u00e9ben - elhivatott nyelvi szakemberekkel.","og_url":"https:\/\/leg.eu\/hu\/kapcsolat\/","og_site_name":"Language Experts Group","article_modified_time":"2025-10-14T22:06:09+00:00","twitter_card":"summary_large_image","twitter_misc":{"Becs\u00fclt olvas\u00e1si id\u0151":"1 perc"},"schema":{"@context":"https:\/\/schema.org","@graph":[{"@type":"WebPage","@id":"https:\/\/leg.eu\/hu\/kapcsolat\/","url":"https:\/\/leg.eu\/hu\/kapcsolat\/","name":"Kapcsolat | Min\u0151s\u00e9gi ford\u00edt\u00e1si szolg\u00e1ltat\u00e1sok | Language Experts","isPartOf":{"@id":"https:\/\/leg.eu\/hu\/#website"},"datePublished":"2025-05-19T11:00:00+00:00","dateModified":"2025-10-14T22:06:09+00:00","description":"Min\u0151s\u00e9gi ford\u00edt\u00e1si szolg\u00e1ltat\u00e1sok az emberi kreativit\u00e1s \u00e9s a g\u00e9pi intelligencia egy\u00fcttm\u0171k\u00f6d\u00e9s\u00e9ben - elhivatott nyelvi szakemberekkel.","breadcrumb":{"@id":"https:\/\/leg.eu\/hu\/kapcsolat\/#breadcrumb"},"inLanguage":"hu","potentialAction":[{"@type":"ReadAction","target":["https:\/\/leg.eu\/hu\/kapcsolat\/"]}]},{"@type":"BreadcrumbList","@id":"https:\/\/leg.eu\/hu\/kapcsolat\/#breadcrumb","itemListElement":[{"@type":"ListItem","position":1,"name":"Home","item":"https:\/\/leg.eu\/hu\/"},{"@type":"ListItem","position":2,"name":"Kapcsolat"}]},{"@type":"WebSite","@id":"https:\/\/leg.eu\/hu\/#website","url":"https:\/\/leg.eu\/hu\/","name":"Language Experts Group","description":"Language Experts Group","potentialAction":[{"@type":"SearchAction","target":{"@type":"EntryPoint","urlTemplate":"https:\/\/leg.eu\/hu\/?s={search_term_string}"},"query-input":{"@type":"PropertyValueSpecification","valueRequired":true,"valueName":"search_term_string"}}],"inLanguage":"hu"}]}},"_links":{"self":[{"href":"https:\/\/leg.eu\/hu\/wp-json\/wp\/v2\/pages\/3315","targetHints":{"allow":["GET"]}}],"collection":[{"href":"https:\/\/leg.eu\/hu\/wp-json\/wp\/v2\/pages"}],"about":[{"href":"https:\/\/leg.eu\/hu\/wp-json\/wp\/v2\/types\/page"}],"author":[{"embeddable":true,"href":"https:\/\/leg.eu\/hu\/wp-json\/wp\/v2\/users\/2"}],"replies":[{"embeddable":true,"href":"https:\/\/leg.eu\/hu\/wp-json\/wp\/v2\/comments?post=3315"}],"version-history":[{"count":0,"href":"https:\/\/leg.eu\/hu\/wp-json\/wp\/v2\/pages\/3315\/revisions"}],"wp:attachment":[{"href":"https:\/\/leg.eu\/hu\/wp-json\/wp\/v2\/media?parent=3315"}],"wp:term":[{"taxonomy":"folder","embeddable":true,"href":"https:\/\/leg.eu\/hu\/wp-json\/wp\/v2\/folder?post=3315"}],"curies":[{"name":"wp","href":"https:\/\/api.w.org\/{rel}","templated":true}]}}