{"id":3322,"date":"2025-05-19T13:00:00","date_gmt":"2025-05-19T11:00:00","guid":{"rendered":"https:\/\/leg.eu\/about-us\/"},"modified":"2025-11-03T10:49:02","modified_gmt":"2025-11-03T09:49:02","slug":"rolunk","status":"publish","type":"page","link":"https:\/\/leg.eu\/hu\/rolunk\/","title":{"rendered":"R\u00f3lunk"},"content":{"rendered":"","protected":false},"excerpt":{"rendered":"","protected":false},"author":2,"featured_media":0,"parent":0,"menu_order":0,"comment_status":"closed","ping_status":"closed","template":"","meta":{"footnotes":""},"folder":[10],"class_list":["post-3322","page","type-page","status-publish","hentry"],"yoast_head":"<!-- This site is optimized with the Yoast SEO plugin v27.1.1 - https:\/\/yoast.com\/product\/yoast-seo-wordpress\/ -->\n<title>R\u00f3lunk | Ford\u00edt\u00e1sszolg\u00e1ltat\u00f3 | Language Experts Group<\/title>\n<meta name=\"description\" content=\"A 2005-ben alap\u00edtott, budapesti sz\u00e9khely\u0171 Language Experts Group k\u00edv\u00e1l\u00f3 min\u0151s\u00e9g\u0171 ford\u00edt\u00e1si szolg\u00e1ltat\u00e1sokat ny\u00fajt a glob\u00e1lis piac sz\u00e1m\u00e1ra.\" \/>\n<meta name=\"robots\" content=\"index, follow, max-snippet:-1, max-image-preview:large, max-video-preview:-1\" \/>\n<link rel=\"canonical\" href=\"https:\/\/leg.eu\/hu\/rolunk\/\" \/>\n<meta property=\"og:locale\" content=\"hu_HU\" \/>\n<meta property=\"og:type\" content=\"article\" \/>\n<meta property=\"og:title\" content=\"R\u00f3lunk | Ford\u00edt\u00e1sszolg\u00e1ltat\u00f3 | Language Experts Group\" \/>\n<meta property=\"og:description\" content=\"A 2005-ben alap\u00edtott, budapesti sz\u00e9khely\u0171 Language Experts Group k\u00edv\u00e1l\u00f3 min\u0151s\u00e9g\u0171 ford\u00edt\u00e1si szolg\u00e1ltat\u00e1sokat ny\u00fajt a glob\u00e1lis piac sz\u00e1m\u00e1ra.\" \/>\n<meta property=\"og:url\" content=\"https:\/\/leg.eu\/hu\/rolunk\/\" \/>\n<meta property=\"og:site_name\" content=\"Language Experts Group\" \/>\n<meta property=\"article:modified_time\" content=\"2025-11-03T09:49:02+00:00\" \/>\n<meta name=\"twitter:card\" content=\"summary_large_image\" \/>\n<meta name=\"twitter:label1\" content=\"Becs\u00fclt olvas\u00e1si id\u0151\" \/>\n\t<meta name=\"twitter:data1\" content=\"8 perc\" \/>\n<script type=\"application\/ld+json\" class=\"yoast-schema-graph\">{\"@context\":\"https:\/\/schema.org\",\"@graph\":[{\"@type\":\"WebPage\",\"@id\":\"https:\/\/leg.eu\/hu\/rolunk\/\",\"url\":\"https:\/\/leg.eu\/hu\/rolunk\/\",\"name\":\"R\u00f3lunk | Ford\u00edt\u00e1sszolg\u00e1ltat\u00f3 | Language Experts Group\",\"isPartOf\":{\"@id\":\"https:\/\/leg.eu\/hu\/#website\"},\"datePublished\":\"2025-05-19T11:00:00+00:00\",\"dateModified\":\"2025-11-03T09:49:02+00:00\",\"description\":\"A 2005-ben alap\u00edtott, budapesti sz\u00e9khely\u0171 Language Experts Group k\u00edv\u00e1l\u00f3 min\u0151s\u00e9g\u0171 ford\u00edt\u00e1si szolg\u00e1ltat\u00e1sokat ny\u00fajt a glob\u00e1lis piac sz\u00e1m\u00e1ra.\",\"breadcrumb\":{\"@id\":\"https:\/\/leg.eu\/hu\/rolunk\/#breadcrumb\"},\"inLanguage\":\"hu\",\"potentialAction\":[{\"@type\":\"ReadAction\",\"target\":[\"https:\/\/leg.eu\/hu\/rolunk\/\"]}]},{\"@type\":\"BreadcrumbList\",\"@id\":\"https:\/\/leg.eu\/hu\/rolunk\/#breadcrumb\",\"itemListElement\":[{\"@type\":\"ListItem\",\"position\":1,\"name\":\"Home\",\"item\":\"https:\/\/leg.eu\/hu\/\"},{\"@type\":\"ListItem\",\"position\":2,\"name\":\"R\u00f3lunk\"}]},{\"@type\":\"WebSite\",\"@id\":\"https:\/\/leg.eu\/hu\/#website\",\"url\":\"https:\/\/leg.eu\/hu\/\",\"name\":\"Language Experts Group\",\"description\":\"Language Experts Group\",\"potentialAction\":[{\"@type\":\"SearchAction\",\"target\":{\"@type\":\"EntryPoint\",\"urlTemplate\":\"https:\/\/leg.eu\/hu\/?s={search_term_string}\"},\"query-input\":{\"@type\":\"PropertyValueSpecification\",\"valueRequired\":true,\"valueName\":\"search_term_string\"}}],\"inLanguage\":\"hu\"}]}<\/script>\n<!-- \/ Yoast SEO plugin. -->","yoast_head_json":{"title":"R\u00f3lunk | Ford\u00edt\u00e1sszolg\u00e1ltat\u00f3 | Language Experts Group","description":"A 2005-ben alap\u00edtott, budapesti sz\u00e9khely\u0171 Language Experts Group k\u00edv\u00e1l\u00f3 min\u0151s\u00e9g\u0171 ford\u00edt\u00e1si szolg\u00e1ltat\u00e1sokat ny\u00fajt a glob\u00e1lis piac sz\u00e1m\u00e1ra.","robots":{"index":"index","follow":"follow","max-snippet":"max-snippet:-1","max-image-preview":"max-image-preview:large","max-video-preview":"max-video-preview:-1"},"canonical":"https:\/\/leg.eu\/hu\/rolunk\/","og_locale":"hu_HU","og_type":"article","og_title":"R\u00f3lunk | Ford\u00edt\u00e1sszolg\u00e1ltat\u00f3 | Language Experts Group","og_description":"A 2005-ben alap\u00edtott, budapesti sz\u00e9khely\u0171 Language Experts Group k\u00edv\u00e1l\u00f3 min\u0151s\u00e9g\u0171 ford\u00edt\u00e1si szolg\u00e1ltat\u00e1sokat ny\u00fajt a glob\u00e1lis piac sz\u00e1m\u00e1ra.","og_url":"https:\/\/leg.eu\/hu\/rolunk\/","og_site_name":"Language Experts Group","article_modified_time":"2025-11-03T09:49:02+00:00","twitter_card":"summary_large_image","twitter_misc":{"Becs\u00fclt olvas\u00e1si id\u0151":"8 perc"},"schema":{"@context":"https:\/\/schema.org","@graph":[{"@type":"WebPage","@id":"https:\/\/leg.eu\/hu\/rolunk\/","url":"https:\/\/leg.eu\/hu\/rolunk\/","name":"R\u00f3lunk | Ford\u00edt\u00e1sszolg\u00e1ltat\u00f3 | Language Experts Group","isPartOf":{"@id":"https:\/\/leg.eu\/hu\/#website"},"datePublished":"2025-05-19T11:00:00+00:00","dateModified":"2025-11-03T09:49:02+00:00","description":"A 2005-ben alap\u00edtott, budapesti sz\u00e9khely\u0171 Language Experts Group k\u00edv\u00e1l\u00f3 min\u0151s\u00e9g\u0171 ford\u00edt\u00e1si szolg\u00e1ltat\u00e1sokat ny\u00fajt a glob\u00e1lis piac sz\u00e1m\u00e1ra.","breadcrumb":{"@id":"https:\/\/leg.eu\/hu\/rolunk\/#breadcrumb"},"inLanguage":"hu","potentialAction":[{"@type":"ReadAction","target":["https:\/\/leg.eu\/hu\/rolunk\/"]}]},{"@type":"BreadcrumbList","@id":"https:\/\/leg.eu\/hu\/rolunk\/#breadcrumb","itemListElement":[{"@type":"ListItem","position":1,"name":"Home","item":"https:\/\/leg.eu\/hu\/"},{"@type":"ListItem","position":2,"name":"R\u00f3lunk"}]},{"@type":"WebSite","@id":"https:\/\/leg.eu\/hu\/#website","url":"https:\/\/leg.eu\/hu\/","name":"Language Experts Group","description":"Language Experts Group","potentialAction":[{"@type":"SearchAction","target":{"@type":"EntryPoint","urlTemplate":"https:\/\/leg.eu\/hu\/?s={search_term_string}"},"query-input":{"@type":"PropertyValueSpecification","valueRequired":true,"valueName":"search_term_string"}}],"inLanguage":"hu"}]}},"_links":{"self":[{"href":"https:\/\/leg.eu\/hu\/wp-json\/wp\/v2\/pages\/3322","targetHints":{"allow":["GET"]}}],"collection":[{"href":"https:\/\/leg.eu\/hu\/wp-json\/wp\/v2\/pages"}],"about":[{"href":"https:\/\/leg.eu\/hu\/wp-json\/wp\/v2\/types\/page"}],"author":[{"embeddable":true,"href":"https:\/\/leg.eu\/hu\/wp-json\/wp\/v2\/users\/2"}],"replies":[{"embeddable":true,"href":"https:\/\/leg.eu\/hu\/wp-json\/wp\/v2\/comments?post=3322"}],"version-history":[{"count":5,"href":"https:\/\/leg.eu\/hu\/wp-json\/wp\/v2\/pages\/3322\/revisions"}],"predecessor-version":[{"id":4360,"href":"https:\/\/leg.eu\/hu\/wp-json\/wp\/v2\/pages\/3322\/revisions\/4360"}],"wp:attachment":[{"href":"https:\/\/leg.eu\/hu\/wp-json\/wp\/v2\/media?parent=3322"}],"wp:term":[{"taxonomy":"folder","embeddable":true,"href":"https:\/\/leg.eu\/hu\/wp-json\/wp\/v2\/folder?post=3322"}],"curies":[{"name":"wp","href":"https:\/\/api.w.org\/{rel}","templated":true}]}}