{"id":3348,"date":"2025-05-19T13:00:00","date_gmt":"2025-05-19T11:00:00","guid":{"rendered":"https:\/\/leg.eu\/services\/"},"modified":"2025-10-30T10:16:43","modified_gmt":"2025-10-30T09:16:43","slug":"szolgaltatasaink","status":"publish","type":"page","link":"https:\/\/leg.eu\/hu\/szolgaltatasaink\/","title":{"rendered":"Szolg\u00e1ltat\u00e1saink"},"content":{"rendered":"","protected":false},"excerpt":{"rendered":"","protected":false},"author":2,"featured_media":4062,"parent":0,"menu_order":0,"comment_status":"closed","ping_status":"closed","template":"","meta":{"footnotes":""},"folder":[12],"class_list":["post-3348","page","type-page","status-publish","has-post-thumbnail","hentry"],"yoast_head":"<!-- This site is optimized with the Yoast SEO plugin v27.1.1 - https:\/\/yoast.com\/product\/yoast-seo-wordpress\/ -->\n<title>Professzion\u00e1lis ford\u00edt\u00e1si szolg\u00e1ltat\u00e1sok | Language Experts Group<\/title>\n<meta name=\"description\" content=\"Seg\u00edt\u00fcnk, ak\u00e1r egyetlen dokumentum ford\u00edt\u00e1s\u00e1ra, ak\u00e1r \u00f6sszetett, testreszabott lokaliz\u00e1ci\u00f3s megold\u00e1sokra van sz\u00fcks\u00e9ge.\" \/>\n<meta name=\"robots\" content=\"index, follow, max-snippet:-1, max-image-preview:large, max-video-preview:-1\" \/>\n<link rel=\"canonical\" href=\"https:\/\/leg.eu\/hu\/szolgaltatasaink\/\" \/>\n<meta property=\"og:locale\" content=\"hu_HU\" \/>\n<meta property=\"og:type\" content=\"article\" \/>\n<meta property=\"og:title\" content=\"Professzion\u00e1lis ford\u00edt\u00e1si szolg\u00e1ltat\u00e1sok | Language Experts Group\" \/>\n<meta property=\"og:description\" content=\"Seg\u00edt\u00fcnk, ak\u00e1r egyetlen dokumentum ford\u00edt\u00e1s\u00e1ra, ak\u00e1r \u00f6sszetett, testreszabott lokaliz\u00e1ci\u00f3s megold\u00e1sokra van sz\u00fcks\u00e9ge.\" \/>\n<meta property=\"og:url\" content=\"https:\/\/leg.eu\/hu\/szolgaltatasaink\/\" \/>\n<meta property=\"og:site_name\" content=\"Language Experts Group\" \/>\n<meta property=\"article:modified_time\" content=\"2025-10-30T09:16:43+00:00\" \/>\n<meta property=\"og:image\" content=\"https:\/\/leg.eu\/wp-content\/uploads\/2025\/10\/LEG.EU-Services-Featured-IMG.webp\" \/>\n\t<meta property=\"og:image:width\" content=\"1200\" \/>\n\t<meta property=\"og:image:height\" content=\"675\" \/>\n\t<meta property=\"og:image:type\" content=\"image\/webp\" \/>\n<meta name=\"twitter:card\" content=\"summary_large_image\" \/>\n<meta name=\"twitter:label1\" content=\"Becs\u00fclt olvas\u00e1si id\u0151\" \/>\n\t<meta name=\"twitter:data1\" content=\"7 perc\" \/>\n<script type=\"application\/ld+json\" class=\"yoast-schema-graph\">{\"@context\":\"https:\/\/schema.org\",\"@graph\":[{\"@type\":\"WebPage\",\"@id\":\"https:\/\/leg.eu\/hu\/szolgaltatasaink\/\",\"url\":\"https:\/\/leg.eu\/hu\/szolgaltatasaink\/\",\"name\":\"Professzion\u00e1lis ford\u00edt\u00e1si szolg\u00e1ltat\u00e1sok | Language Experts Group\",\"isPartOf\":{\"@id\":\"https:\/\/leg.eu\/hu\/#website\"},\"primaryImageOfPage\":{\"@id\":\"https:\/\/leg.eu\/hu\/szolgaltatasaink\/#primaryimage\"},\"image\":{\"@id\":\"https:\/\/leg.eu\/hu\/szolgaltatasaink\/#primaryimage\"},\"thumbnailUrl\":\"https:\/\/leg.eu\/wp-content\/uploads\/2025\/10\/LEG.EU-Services-Featured-IMG.webp\",\"datePublished\":\"2025-05-19T11:00:00+00:00\",\"dateModified\":\"2025-10-30T09:16:43+00:00\",\"description\":\"Seg\u00edt\u00fcnk, ak\u00e1r egyetlen dokumentum ford\u00edt\u00e1s\u00e1ra, ak\u00e1r \u00f6sszetett, testreszabott lokaliz\u00e1ci\u00f3s megold\u00e1sokra van sz\u00fcks\u00e9ge.\",\"breadcrumb\":{\"@id\":\"https:\/\/leg.eu\/hu\/szolgaltatasaink\/#breadcrumb\"},\"inLanguage\":\"hu\",\"potentialAction\":[{\"@type\":\"ReadAction\",\"target\":[\"https:\/\/leg.eu\/hu\/szolgaltatasaink\/\"]}]},{\"@type\":\"ImageObject\",\"inLanguage\":\"hu\",\"@id\":\"https:\/\/leg.eu\/hu\/szolgaltatasaink\/#primaryimage\",\"url\":\"https:\/\/leg.eu\/wp-content\/uploads\/2025\/10\/LEG.EU-Services-Featured-IMG.webp\",\"contentUrl\":\"https:\/\/leg.eu\/wp-content\/uploads\/2025\/10\/LEG.EU-Services-Featured-IMG.webp\",\"width\":1200,\"height\":675,\"caption\":\"LEG.EU Services Featured\"},{\"@type\":\"BreadcrumbList\",\"@id\":\"https:\/\/leg.eu\/hu\/szolgaltatasaink\/#breadcrumb\",\"itemListElement\":[{\"@type\":\"ListItem\",\"position\":1,\"name\":\"Home\",\"item\":\"https:\/\/leg.eu\/hu\/\"},{\"@type\":\"ListItem\",\"position\":2,\"name\":\"Szolg\u00e1ltat\u00e1saink\"}]},{\"@type\":\"WebSite\",\"@id\":\"https:\/\/leg.eu\/hu\/#website\",\"url\":\"https:\/\/leg.eu\/hu\/\",\"name\":\"Language Experts Group\",\"description\":\"Language Experts Group\",\"potentialAction\":[{\"@type\":\"SearchAction\",\"target\":{\"@type\":\"EntryPoint\",\"urlTemplate\":\"https:\/\/leg.eu\/hu\/?s={search_term_string}\"},\"query-input\":{\"@type\":\"PropertyValueSpecification\",\"valueRequired\":true,\"valueName\":\"search_term_string\"}}],\"inLanguage\":\"hu\"}]}<\/script>\n<!-- \/ Yoast SEO plugin. -->","yoast_head_json":{"title":"Professzion\u00e1lis ford\u00edt\u00e1si szolg\u00e1ltat\u00e1sok | Language Experts Group","description":"Seg\u00edt\u00fcnk, ak\u00e1r egyetlen dokumentum ford\u00edt\u00e1s\u00e1ra, ak\u00e1r \u00f6sszetett, testreszabott lokaliz\u00e1ci\u00f3s megold\u00e1sokra van sz\u00fcks\u00e9ge.","robots":{"index":"index","follow":"follow","max-snippet":"max-snippet:-1","max-image-preview":"max-image-preview:large","max-video-preview":"max-video-preview:-1"},"canonical":"https:\/\/leg.eu\/hu\/szolgaltatasaink\/","og_locale":"hu_HU","og_type":"article","og_title":"Professzion\u00e1lis ford\u00edt\u00e1si szolg\u00e1ltat\u00e1sok | Language Experts Group","og_description":"Seg\u00edt\u00fcnk, ak\u00e1r egyetlen dokumentum ford\u00edt\u00e1s\u00e1ra, ak\u00e1r \u00f6sszetett, testreszabott lokaliz\u00e1ci\u00f3s megold\u00e1sokra van sz\u00fcks\u00e9ge.","og_url":"https:\/\/leg.eu\/hu\/szolgaltatasaink\/","og_site_name":"Language Experts Group","article_modified_time":"2025-10-30T09:16:43+00:00","og_image":[{"width":1200,"height":675,"url":"https:\/\/leg.eu\/wp-content\/uploads\/2025\/10\/LEG.EU-Services-Featured-IMG.webp","type":"image\/webp"}],"twitter_card":"summary_large_image","twitter_misc":{"Becs\u00fclt olvas\u00e1si id\u0151":"7 perc"},"schema":{"@context":"https:\/\/schema.org","@graph":[{"@type":"WebPage","@id":"https:\/\/leg.eu\/hu\/szolgaltatasaink\/","url":"https:\/\/leg.eu\/hu\/szolgaltatasaink\/","name":"Professzion\u00e1lis ford\u00edt\u00e1si szolg\u00e1ltat\u00e1sok | Language Experts Group","isPartOf":{"@id":"https:\/\/leg.eu\/hu\/#website"},"primaryImageOfPage":{"@id":"https:\/\/leg.eu\/hu\/szolgaltatasaink\/#primaryimage"},"image":{"@id":"https:\/\/leg.eu\/hu\/szolgaltatasaink\/#primaryimage"},"thumbnailUrl":"https:\/\/leg.eu\/wp-content\/uploads\/2025\/10\/LEG.EU-Services-Featured-IMG.webp","datePublished":"2025-05-19T11:00:00+00:00","dateModified":"2025-10-30T09:16:43+00:00","description":"Seg\u00edt\u00fcnk, ak\u00e1r egyetlen dokumentum ford\u00edt\u00e1s\u00e1ra, ak\u00e1r \u00f6sszetett, testreszabott lokaliz\u00e1ci\u00f3s megold\u00e1sokra van sz\u00fcks\u00e9ge.","breadcrumb":{"@id":"https:\/\/leg.eu\/hu\/szolgaltatasaink\/#breadcrumb"},"inLanguage":"hu","potentialAction":[{"@type":"ReadAction","target":["https:\/\/leg.eu\/hu\/szolgaltatasaink\/"]}]},{"@type":"ImageObject","inLanguage":"hu","@id":"https:\/\/leg.eu\/hu\/szolgaltatasaink\/#primaryimage","url":"https:\/\/leg.eu\/wp-content\/uploads\/2025\/10\/LEG.EU-Services-Featured-IMG.webp","contentUrl":"https:\/\/leg.eu\/wp-content\/uploads\/2025\/10\/LEG.EU-Services-Featured-IMG.webp","width":1200,"height":675,"caption":"LEG.EU Services Featured"},{"@type":"BreadcrumbList","@id":"https:\/\/leg.eu\/hu\/szolgaltatasaink\/#breadcrumb","itemListElement":[{"@type":"ListItem","position":1,"name":"Home","item":"https:\/\/leg.eu\/hu\/"},{"@type":"ListItem","position":2,"name":"Szolg\u00e1ltat\u00e1saink"}]},{"@type":"WebSite","@id":"https:\/\/leg.eu\/hu\/#website","url":"https:\/\/leg.eu\/hu\/","name":"Language Experts Group","description":"Language Experts Group","potentialAction":[{"@type":"SearchAction","target":{"@type":"EntryPoint","urlTemplate":"https:\/\/leg.eu\/hu\/?s={search_term_string}"},"query-input":{"@type":"PropertyValueSpecification","valueRequired":true,"valueName":"search_term_string"}}],"inLanguage":"hu"}]}},"_links":{"self":[{"href":"https:\/\/leg.eu\/hu\/wp-json\/wp\/v2\/pages\/3348","targetHints":{"allow":["GET"]}}],"collection":[{"href":"https:\/\/leg.eu\/hu\/wp-json\/wp\/v2\/pages"}],"about":[{"href":"https:\/\/leg.eu\/hu\/wp-json\/wp\/v2\/types\/page"}],"author":[{"embeddable":true,"href":"https:\/\/leg.eu\/hu\/wp-json\/wp\/v2\/users\/2"}],"replies":[{"embeddable":true,"href":"https:\/\/leg.eu\/hu\/wp-json\/wp\/v2\/comments?post=3348"}],"version-history":[{"count":4,"href":"https:\/\/leg.eu\/hu\/wp-json\/wp\/v2\/pages\/3348\/revisions"}],"predecessor-version":[{"id":4236,"href":"https:\/\/leg.eu\/hu\/wp-json\/wp\/v2\/pages\/3348\/revisions\/4236"}],"wp:featuredmedia":[{"embeddable":true,"href":"https:\/\/leg.eu\/hu\/wp-json\/wp\/v2\/media\/4062"}],"wp:attachment":[{"href":"https:\/\/leg.eu\/hu\/wp-json\/wp\/v2\/media?parent=3348"}],"wp:term":[{"taxonomy":"folder","embeddable":true,"href":"https:\/\/leg.eu\/hu\/wp-json\/wp\/v2\/folder?post=3348"}],"curies":[{"name":"wp","href":"https:\/\/api.w.org\/{rel}","templated":true}]}}