{"id":3436,"date":"2025-05-26T12:00:00","date_gmt":"2025-05-26T10:00:00","guid":{"rendered":"https:\/\/leg.eu\/iparagak\/energy\/"},"modified":"2025-09-27T00:27:35","modified_gmt":"2025-09-26T22:27:35","slug":"energia","status":"publish","type":"page","link":"https:\/\/leg.eu\/hu\/iparagak\/energia\/","title":{"rendered":"Energia"},"content":{"rendered":"","protected":false},"excerpt":{"rendered":"","protected":false},"author":2,"featured_media":0,"parent":3289,"menu_order":0,"comment_status":"closed","ping_status":"closed","template":"","meta":{"footnotes":""},"folder":[11],"class_list":["post-3436","page","type-page","status-publish","hentry"],"yoast_head":"<!-- This site is optimized with the Yoast SEO plugin v27.1.1 - https:\/\/yoast.com\/product\/yoast-seo-wordpress\/ -->\n<title>Ford\u00edt\u00e1si szolg\u00e1ltat\u00e1sok az energia\u00e1gazat ter\u00fclet\u00e9n - LEG.EU<\/title>\n<meta name=\"robots\" content=\"index, follow, max-snippet:-1, max-image-preview:large, max-video-preview:-1\" \/>\n<link rel=\"canonical\" href=\"https:\/\/leg.eu\/hu\/iparagak\/energia\/\" \/>\n<meta property=\"og:locale\" content=\"hu_HU\" \/>\n<meta property=\"og:type\" content=\"article\" \/>\n<meta property=\"og:title\" content=\"Ford\u00edt\u00e1si szolg\u00e1ltat\u00e1sok az energia\u00e1gazat ter\u00fclet\u00e9n - LEG.EU\" \/>\n<meta property=\"og:url\" content=\"https:\/\/leg.eu\/hu\/iparagak\/energia\/\" \/>\n<meta property=\"og:site_name\" content=\"Language Experts Group\" \/>\n<meta property=\"article:modified_time\" content=\"2025-09-26T22:27:35+00:00\" \/>\n<meta name=\"twitter:card\" content=\"summary_large_image\" \/>\n<meta name=\"twitter:label1\" content=\"Becs\u00fclt olvas\u00e1si id\u0151\" \/>\n\t<meta name=\"twitter:data1\" content=\"3 perc\" \/>\n<script type=\"application\/ld+json\" class=\"yoast-schema-graph\">{\"@context\":\"https:\/\/schema.org\",\"@graph\":[{\"@type\":\"WebPage\",\"@id\":\"https:\/\/leg.eu\/hu\/iparagak\/energia\/\",\"url\":\"https:\/\/leg.eu\/hu\/iparagak\/energia\/\",\"name\":\"Ford\u00edt\u00e1si szolg\u00e1ltat\u00e1sok az energia\u00e1gazat ter\u00fclet\u00e9n - LEG.EU\",\"isPartOf\":{\"@id\":\"https:\/\/leg.eu\/hu\/#website\"},\"datePublished\":\"2025-05-26T10:00:00+00:00\",\"dateModified\":\"2025-09-26T22:27:35+00:00\",\"breadcrumb\":{\"@id\":\"https:\/\/leg.eu\/hu\/iparagak\/energia\/#breadcrumb\"},\"inLanguage\":\"hu\",\"potentialAction\":[{\"@type\":\"ReadAction\",\"target\":[\"https:\/\/leg.eu\/hu\/iparagak\/energia\/\"]}]},{\"@type\":\"BreadcrumbList\",\"@id\":\"https:\/\/leg.eu\/hu\/iparagak\/energia\/#breadcrumb\",\"itemListElement\":[{\"@type\":\"ListItem\",\"position\":1,\"name\":\"Home\",\"item\":\"https:\/\/leg.eu\/hu\/\"},{\"@type\":\"ListItem\",\"position\":2,\"name\":\"Ipar\u00e1gak\",\"item\":\"https:\/\/leg.eu\/hu\/iparagak\/\"},{\"@type\":\"ListItem\",\"position\":3,\"name\":\"Energia\"}]},{\"@type\":\"WebSite\",\"@id\":\"https:\/\/leg.eu\/hu\/#website\",\"url\":\"https:\/\/leg.eu\/hu\/\",\"name\":\"Language Experts Group\",\"description\":\"Language Experts Group\",\"potentialAction\":[{\"@type\":\"SearchAction\",\"target\":{\"@type\":\"EntryPoint\",\"urlTemplate\":\"https:\/\/leg.eu\/hu\/?s={search_term_string}\"},\"query-input\":{\"@type\":\"PropertyValueSpecification\",\"valueRequired\":true,\"valueName\":\"search_term_string\"}}],\"inLanguage\":\"hu\"}]}<\/script>\n<!-- \/ Yoast SEO plugin. -->","yoast_head_json":{"title":"Ford\u00edt\u00e1si szolg\u00e1ltat\u00e1sok az energia\u00e1gazat ter\u00fclet\u00e9n - LEG.EU","robots":{"index":"index","follow":"follow","max-snippet":"max-snippet:-1","max-image-preview":"max-image-preview:large","max-video-preview":"max-video-preview:-1"},"canonical":"https:\/\/leg.eu\/hu\/iparagak\/energia\/","og_locale":"hu_HU","og_type":"article","og_title":"Ford\u00edt\u00e1si szolg\u00e1ltat\u00e1sok az energia\u00e1gazat ter\u00fclet\u00e9n - LEG.EU","og_url":"https:\/\/leg.eu\/hu\/iparagak\/energia\/","og_site_name":"Language Experts Group","article_modified_time":"2025-09-26T22:27:35+00:00","twitter_card":"summary_large_image","twitter_misc":{"Becs\u00fclt olvas\u00e1si id\u0151":"3 perc"},"schema":{"@context":"https:\/\/schema.org","@graph":[{"@type":"WebPage","@id":"https:\/\/leg.eu\/hu\/iparagak\/energia\/","url":"https:\/\/leg.eu\/hu\/iparagak\/energia\/","name":"Ford\u00edt\u00e1si szolg\u00e1ltat\u00e1sok az energia\u00e1gazat ter\u00fclet\u00e9n - LEG.EU","isPartOf":{"@id":"https:\/\/leg.eu\/hu\/#website"},"datePublished":"2025-05-26T10:00:00+00:00","dateModified":"2025-09-26T22:27:35+00:00","breadcrumb":{"@id":"https:\/\/leg.eu\/hu\/iparagak\/energia\/#breadcrumb"},"inLanguage":"hu","potentialAction":[{"@type":"ReadAction","target":["https:\/\/leg.eu\/hu\/iparagak\/energia\/"]}]},{"@type":"BreadcrumbList","@id":"https:\/\/leg.eu\/hu\/iparagak\/energia\/#breadcrumb","itemListElement":[{"@type":"ListItem","position":1,"name":"Home","item":"https:\/\/leg.eu\/hu\/"},{"@type":"ListItem","position":2,"name":"Ipar\u00e1gak","item":"https:\/\/leg.eu\/hu\/iparagak\/"},{"@type":"ListItem","position":3,"name":"Energia"}]},{"@type":"WebSite","@id":"https:\/\/leg.eu\/hu\/#website","url":"https:\/\/leg.eu\/hu\/","name":"Language Experts Group","description":"Language Experts Group","potentialAction":[{"@type":"SearchAction","target":{"@type":"EntryPoint","urlTemplate":"https:\/\/leg.eu\/hu\/?s={search_term_string}"},"query-input":{"@type":"PropertyValueSpecification","valueRequired":true,"valueName":"search_term_string"}}],"inLanguage":"hu"}]}},"_links":{"self":[{"href":"https:\/\/leg.eu\/hu\/wp-json\/wp\/v2\/pages\/3436","targetHints":{"allow":["GET"]}}],"collection":[{"href":"https:\/\/leg.eu\/hu\/wp-json\/wp\/v2\/pages"}],"about":[{"href":"https:\/\/leg.eu\/hu\/wp-json\/wp\/v2\/types\/page"}],"author":[{"embeddable":true,"href":"https:\/\/leg.eu\/hu\/wp-json\/wp\/v2\/users\/2"}],"replies":[{"embeddable":true,"href":"https:\/\/leg.eu\/hu\/wp-json\/wp\/v2\/comments?post=3436"}],"version-history":[{"count":0,"href":"https:\/\/leg.eu\/hu\/wp-json\/wp\/v2\/pages\/3436\/revisions"}],"up":[{"embeddable":true,"href":"https:\/\/leg.eu\/hu\/wp-json\/wp\/v2\/pages\/3289"}],"wp:attachment":[{"href":"https:\/\/leg.eu\/hu\/wp-json\/wp\/v2\/media?parent=3436"}],"wp:term":[{"taxonomy":"folder","embeddable":true,"href":"https:\/\/leg.eu\/hu\/wp-json\/wp\/v2\/folder?post=3436"}],"curies":[{"name":"wp","href":"https:\/\/api.w.org\/{rel}","templated":true}]}}