{"id":3522,"date":"2025-05-19T14:00:00","date_gmt":"2025-05-19T12:00:00","guid":{"rendered":"https:\/\/leg.eu\/szolgaltatasaink\/post-editing\/"},"modified":"2025-10-28T14:50:54","modified_gmt":"2025-10-28T13:50:54","slug":"utoszerkesztes","status":"publish","type":"page","link":"https:\/\/leg.eu\/hu\/szolgaltatasaink\/utoszerkesztes\/","title":{"rendered":"Ut\u00f3szerkeszt\u00e9s"},"content":{"rendered":"","protected":false},"excerpt":{"rendered":"","protected":false},"author":2,"featured_media":0,"parent":3348,"menu_order":0,"comment_status":"closed","ping_status":"closed","template":"","meta":{"footnotes":""},"folder":[12],"class_list":["post-3522","page","type-page","status-publish","hentry"],"yoast_head":"<!-- This site is optimized with the Yoast SEO plugin v27.1.1 - https:\/\/yoast.com\/product\/yoast-seo-wordpress\/ -->\n<title>Ut\u00f3szerkeszt\u00e9s g\u00e9pi ford\u00edt\u00e1shoz | Language Experts Group<\/title>\n<meta name=\"description\" content=\"Az ut\u00f3szerkeszt\u00e9s a g\u00e9pi ford\u00edt\u00e1st k\u00f6veti. Emberi ford\u00edt\u00f3k ellen\u0151rzik a sz\u00f6veget \u00e9s sz\u00fcks\u00e9g eset\u00e9n szerkesztik a jobb min\u0151s\u00e9g \u00e9rdek\u00e9ben.\" \/>\n<meta name=\"robots\" content=\"index, follow, max-snippet:-1, max-image-preview:large, max-video-preview:-1\" \/>\n<link rel=\"canonical\" href=\"https:\/\/leg.eu\/hu\/szolgaltatasaink\/utoszerkesztes\/\" \/>\n<meta property=\"og:locale\" content=\"hu_HU\" \/>\n<meta property=\"og:type\" content=\"article\" \/>\n<meta property=\"og:title\" content=\"Ut\u00f3szerkeszt\u00e9s g\u00e9pi ford\u00edt\u00e1shoz | Language Experts Group\" \/>\n<meta property=\"og:description\" content=\"Az ut\u00f3szerkeszt\u00e9s a g\u00e9pi ford\u00edt\u00e1st k\u00f6veti. Emberi ford\u00edt\u00f3k ellen\u0151rzik a sz\u00f6veget \u00e9s sz\u00fcks\u00e9g eset\u00e9n szerkesztik a jobb min\u0151s\u00e9g \u00e9rdek\u00e9ben.\" \/>\n<meta property=\"og:url\" content=\"https:\/\/leg.eu\/hu\/szolgaltatasaink\/utoszerkesztes\/\" \/>\n<meta property=\"og:site_name\" content=\"Language Experts Group\" \/>\n<meta property=\"article:modified_time\" content=\"2025-10-28T13:50:54+00:00\" \/>\n<meta name=\"twitter:card\" content=\"summary_large_image\" \/>\n<meta name=\"twitter:label1\" content=\"Becs\u00fclt olvas\u00e1si id\u0151\" \/>\n\t<meta name=\"twitter:data1\" content=\"2 perc\" \/>\n<script type=\"application\/ld+json\" class=\"yoast-schema-graph\">{\"@context\":\"https:\/\/schema.org\",\"@graph\":[{\"@type\":\"WebPage\",\"@id\":\"https:\/\/leg.eu\/hu\/szolgaltatasaink\/utoszerkesztes\/\",\"url\":\"https:\/\/leg.eu\/hu\/szolgaltatasaink\/utoszerkesztes\/\",\"name\":\"Ut\u00f3szerkeszt\u00e9s g\u00e9pi ford\u00edt\u00e1shoz | Language Experts Group\",\"isPartOf\":{\"@id\":\"https:\/\/leg.eu\/hu\/#website\"},\"datePublished\":\"2025-05-19T12:00:00+00:00\",\"dateModified\":\"2025-10-28T13:50:54+00:00\",\"description\":\"Az ut\u00f3szerkeszt\u00e9s a g\u00e9pi ford\u00edt\u00e1st k\u00f6veti. Emberi ford\u00edt\u00f3k ellen\u0151rzik a sz\u00f6veget \u00e9s sz\u00fcks\u00e9g eset\u00e9n szerkesztik a jobb min\u0151s\u00e9g \u00e9rdek\u00e9ben.\",\"breadcrumb\":{\"@id\":\"https:\/\/leg.eu\/hu\/szolgaltatasaink\/utoszerkesztes\/#breadcrumb\"},\"inLanguage\":\"hu\",\"potentialAction\":[{\"@type\":\"ReadAction\",\"target\":[\"https:\/\/leg.eu\/hu\/szolgaltatasaink\/utoszerkesztes\/\"]}]},{\"@type\":\"BreadcrumbList\",\"@id\":\"https:\/\/leg.eu\/hu\/szolgaltatasaink\/utoszerkesztes\/#breadcrumb\",\"itemListElement\":[{\"@type\":\"ListItem\",\"position\":1,\"name\":\"Home\",\"item\":\"https:\/\/leg.eu\/hu\/\"},{\"@type\":\"ListItem\",\"position\":2,\"name\":\"Szolg\u00e1ltat\u00e1saink\",\"item\":\"https:\/\/leg.eu\/hu\/szolgaltatasaink\/\"},{\"@type\":\"ListItem\",\"position\":3,\"name\":\"Ut\u00f3szerkeszt\u00e9s\"}]},{\"@type\":\"WebSite\",\"@id\":\"https:\/\/leg.eu\/hu\/#website\",\"url\":\"https:\/\/leg.eu\/hu\/\",\"name\":\"Language Experts Group\",\"description\":\"Language Experts Group\",\"potentialAction\":[{\"@type\":\"SearchAction\",\"target\":{\"@type\":\"EntryPoint\",\"urlTemplate\":\"https:\/\/leg.eu\/hu\/?s={search_term_string}\"},\"query-input\":{\"@type\":\"PropertyValueSpecification\",\"valueRequired\":true,\"valueName\":\"search_term_string\"}}],\"inLanguage\":\"hu\"}]}<\/script>\n<!-- \/ Yoast SEO plugin. -->","yoast_head_json":{"title":"Ut\u00f3szerkeszt\u00e9s g\u00e9pi ford\u00edt\u00e1shoz | Language Experts Group","description":"Az ut\u00f3szerkeszt\u00e9s a g\u00e9pi ford\u00edt\u00e1st k\u00f6veti. Emberi ford\u00edt\u00f3k ellen\u0151rzik a sz\u00f6veget \u00e9s sz\u00fcks\u00e9g eset\u00e9n szerkesztik a jobb min\u0151s\u00e9g \u00e9rdek\u00e9ben.","robots":{"index":"index","follow":"follow","max-snippet":"max-snippet:-1","max-image-preview":"max-image-preview:large","max-video-preview":"max-video-preview:-1"},"canonical":"https:\/\/leg.eu\/hu\/szolgaltatasaink\/utoszerkesztes\/","og_locale":"hu_HU","og_type":"article","og_title":"Ut\u00f3szerkeszt\u00e9s g\u00e9pi ford\u00edt\u00e1shoz | Language Experts Group","og_description":"Az ut\u00f3szerkeszt\u00e9s a g\u00e9pi ford\u00edt\u00e1st k\u00f6veti. Emberi ford\u00edt\u00f3k ellen\u0151rzik a sz\u00f6veget \u00e9s sz\u00fcks\u00e9g eset\u00e9n szerkesztik a jobb min\u0151s\u00e9g \u00e9rdek\u00e9ben.","og_url":"https:\/\/leg.eu\/hu\/szolgaltatasaink\/utoszerkesztes\/","og_site_name":"Language Experts Group","article_modified_time":"2025-10-28T13:50:54+00:00","twitter_card":"summary_large_image","twitter_misc":{"Becs\u00fclt olvas\u00e1si id\u0151":"2 perc"},"schema":{"@context":"https:\/\/schema.org","@graph":[{"@type":"WebPage","@id":"https:\/\/leg.eu\/hu\/szolgaltatasaink\/utoszerkesztes\/","url":"https:\/\/leg.eu\/hu\/szolgaltatasaink\/utoszerkesztes\/","name":"Ut\u00f3szerkeszt\u00e9s g\u00e9pi ford\u00edt\u00e1shoz | Language Experts Group","isPartOf":{"@id":"https:\/\/leg.eu\/hu\/#website"},"datePublished":"2025-05-19T12:00:00+00:00","dateModified":"2025-10-28T13:50:54+00:00","description":"Az ut\u00f3szerkeszt\u00e9s a g\u00e9pi ford\u00edt\u00e1st k\u00f6veti. Emberi ford\u00edt\u00f3k ellen\u0151rzik a sz\u00f6veget \u00e9s sz\u00fcks\u00e9g eset\u00e9n szerkesztik a jobb min\u0151s\u00e9g \u00e9rdek\u00e9ben.","breadcrumb":{"@id":"https:\/\/leg.eu\/hu\/szolgaltatasaink\/utoszerkesztes\/#breadcrumb"},"inLanguage":"hu","potentialAction":[{"@type":"ReadAction","target":["https:\/\/leg.eu\/hu\/szolgaltatasaink\/utoszerkesztes\/"]}]},{"@type":"BreadcrumbList","@id":"https:\/\/leg.eu\/hu\/szolgaltatasaink\/utoszerkesztes\/#breadcrumb","itemListElement":[{"@type":"ListItem","position":1,"name":"Home","item":"https:\/\/leg.eu\/hu\/"},{"@type":"ListItem","position":2,"name":"Szolg\u00e1ltat\u00e1saink","item":"https:\/\/leg.eu\/hu\/szolgaltatasaink\/"},{"@type":"ListItem","position":3,"name":"Ut\u00f3szerkeszt\u00e9s"}]},{"@type":"WebSite","@id":"https:\/\/leg.eu\/hu\/#website","url":"https:\/\/leg.eu\/hu\/","name":"Language Experts Group","description":"Language Experts Group","potentialAction":[{"@type":"SearchAction","target":{"@type":"EntryPoint","urlTemplate":"https:\/\/leg.eu\/hu\/?s={search_term_string}"},"query-input":{"@type":"PropertyValueSpecification","valueRequired":true,"valueName":"search_term_string"}}],"inLanguage":"hu"}]}},"_links":{"self":[{"href":"https:\/\/leg.eu\/hu\/wp-json\/wp\/v2\/pages\/3522","targetHints":{"allow":["GET"]}}],"collection":[{"href":"https:\/\/leg.eu\/hu\/wp-json\/wp\/v2\/pages"}],"about":[{"href":"https:\/\/leg.eu\/hu\/wp-json\/wp\/v2\/types\/page"}],"author":[{"embeddable":true,"href":"https:\/\/leg.eu\/hu\/wp-json\/wp\/v2\/users\/2"}],"replies":[{"embeddable":true,"href":"https:\/\/leg.eu\/hu\/wp-json\/wp\/v2\/comments?post=3522"}],"version-history":[{"count":1,"href":"https:\/\/leg.eu\/hu\/wp-json\/wp\/v2\/pages\/3522\/revisions"}],"predecessor-version":[{"id":4088,"href":"https:\/\/leg.eu\/hu\/wp-json\/wp\/v2\/pages\/3522\/revisions\/4088"}],"up":[{"embeddable":true,"href":"https:\/\/leg.eu\/hu\/wp-json\/wp\/v2\/pages\/3348"}],"wp:attachment":[{"href":"https:\/\/leg.eu\/hu\/wp-json\/wp\/v2\/media?parent=3522"}],"wp:term":[{"taxonomy":"folder","embeddable":true,"href":"https:\/\/leg.eu\/hu\/wp-json\/wp\/v2\/folder?post=3522"}],"curies":[{"name":"wp","href":"https:\/\/api.w.org\/{rel}","templated":true}]}}