{"id":3535,"date":"2025-05-19T14:00:00","date_gmt":"2025-05-19T12:00:00","guid":{"rendered":"https:\/\/leg.eu\/szolgaltatasaink\/terminology-management\/"},"modified":"2025-10-30T09:57:37","modified_gmt":"2025-10-30T08:57:37","slug":"terminologia-menedzsment","status":"publish","type":"page","link":"https:\/\/leg.eu\/hu\/szolgaltatasaink\/terminologia-menedzsment\/","title":{"rendered":"Terminol\u00f3gia-menedzsment"},"content":{"rendered":"","protected":false},"excerpt":{"rendered":"","protected":false},"author":2,"featured_media":0,"parent":3348,"menu_order":0,"comment_status":"closed","ping_status":"closed","template":"","meta":{"footnotes":""},"folder":[12],"class_list":["post-3535","page","type-page","status-publish","hentry"],"yoast_head":"<!-- This site is optimized with the Yoast SEO plugin v27.1.1 - https:\/\/yoast.com\/product\/yoast-seo-wordpress\/ -->\n<title>Terminol\u00f3gia-menedzsment | Language Experts Group<\/title>\n<meta name=\"description\" content=\"A min\u0151s\u00e9gi ford\u00edt\u00e1s alapja a megb\u00edzhat\u00f3 terminol\u00f3gia. A terminol\u00f3gia ismerete \u00e9s kezel\u00e9se n\u00e9lk\u00fcl\u00f6zhetetlen a kiv\u00e1l\u00f3 min\u0151s\u00e9g\u0171 ford\u00edt\u00e1shoz.\" \/>\n<meta name=\"robots\" content=\"index, follow, max-snippet:-1, max-image-preview:large, max-video-preview:-1\" \/>\n<link rel=\"canonical\" href=\"https:\/\/leg.eu\/hu\/szolgaltatasaink\/terminologia-menedzsment\/\" \/>\n<meta property=\"og:locale\" content=\"hu_HU\" \/>\n<meta property=\"og:type\" content=\"article\" \/>\n<meta property=\"og:title\" content=\"Terminol\u00f3gia-menedzsment | Language Experts Group\" \/>\n<meta property=\"og:description\" content=\"A min\u0151s\u00e9gi ford\u00edt\u00e1s alapja a megb\u00edzhat\u00f3 terminol\u00f3gia. A terminol\u00f3gia ismerete \u00e9s kezel\u00e9se n\u00e9lk\u00fcl\u00f6zhetetlen a kiv\u00e1l\u00f3 min\u0151s\u00e9g\u0171 ford\u00edt\u00e1shoz.\" \/>\n<meta property=\"og:url\" content=\"https:\/\/leg.eu\/hu\/szolgaltatasaink\/terminologia-menedzsment\/\" \/>\n<meta property=\"og:site_name\" content=\"Language Experts Group\" \/>\n<meta property=\"article:modified_time\" content=\"2025-10-30T08:57:37+00:00\" \/>\n<meta name=\"twitter:card\" content=\"summary_large_image\" \/>\n<meta name=\"twitter:label1\" content=\"Becs\u00fclt olvas\u00e1si id\u0151\" \/>\n\t<meta name=\"twitter:data1\" content=\"4 perc\" \/>\n<script type=\"application\/ld+json\" class=\"yoast-schema-graph\">{\"@context\":\"https:\/\/schema.org\",\"@graph\":[{\"@type\":\"WebPage\",\"@id\":\"https:\/\/leg.eu\/hu\/szolgaltatasaink\/terminologia-menedzsment\/\",\"url\":\"https:\/\/leg.eu\/hu\/szolgaltatasaink\/terminologia-menedzsment\/\",\"name\":\"Terminol\u00f3gia-menedzsment | Language Experts Group\",\"isPartOf\":{\"@id\":\"https:\/\/leg.eu\/hu\/#website\"},\"datePublished\":\"2025-05-19T12:00:00+00:00\",\"dateModified\":\"2025-10-30T08:57:37+00:00\",\"description\":\"A min\u0151s\u00e9gi ford\u00edt\u00e1s alapja a megb\u00edzhat\u00f3 terminol\u00f3gia. A terminol\u00f3gia ismerete \u00e9s kezel\u00e9se n\u00e9lk\u00fcl\u00f6zhetetlen a kiv\u00e1l\u00f3 min\u0151s\u00e9g\u0171 ford\u00edt\u00e1shoz.\",\"breadcrumb\":{\"@id\":\"https:\/\/leg.eu\/hu\/szolgaltatasaink\/terminologia-menedzsment\/#breadcrumb\"},\"inLanguage\":\"hu\",\"potentialAction\":[{\"@type\":\"ReadAction\",\"target\":[\"https:\/\/leg.eu\/hu\/szolgaltatasaink\/terminologia-menedzsment\/\"]}]},{\"@type\":\"BreadcrumbList\",\"@id\":\"https:\/\/leg.eu\/hu\/szolgaltatasaink\/terminologia-menedzsment\/#breadcrumb\",\"itemListElement\":[{\"@type\":\"ListItem\",\"position\":1,\"name\":\"Home\",\"item\":\"https:\/\/leg.eu\/hu\/\"},{\"@type\":\"ListItem\",\"position\":2,\"name\":\"Szolg\u00e1ltat\u00e1saink\",\"item\":\"https:\/\/leg.eu\/hu\/szolgaltatasaink\/\"},{\"@type\":\"ListItem\",\"position\":3,\"name\":\"Terminol\u00f3gia-menedzsment\"}]},{\"@type\":\"WebSite\",\"@id\":\"https:\/\/leg.eu\/hu\/#website\",\"url\":\"https:\/\/leg.eu\/hu\/\",\"name\":\"Language Experts Group\",\"description\":\"Language Experts Group\",\"potentialAction\":[{\"@type\":\"SearchAction\",\"target\":{\"@type\":\"EntryPoint\",\"urlTemplate\":\"https:\/\/leg.eu\/hu\/?s={search_term_string}\"},\"query-input\":{\"@type\":\"PropertyValueSpecification\",\"valueRequired\":true,\"valueName\":\"search_term_string\"}}],\"inLanguage\":\"hu\"}]}<\/script>\n<!-- \/ Yoast SEO plugin. -->","yoast_head_json":{"title":"Terminol\u00f3gia-menedzsment | Language Experts Group","description":"A min\u0151s\u00e9gi ford\u00edt\u00e1s alapja a megb\u00edzhat\u00f3 terminol\u00f3gia. A terminol\u00f3gia ismerete \u00e9s kezel\u00e9se n\u00e9lk\u00fcl\u00f6zhetetlen a kiv\u00e1l\u00f3 min\u0151s\u00e9g\u0171 ford\u00edt\u00e1shoz.","robots":{"index":"index","follow":"follow","max-snippet":"max-snippet:-1","max-image-preview":"max-image-preview:large","max-video-preview":"max-video-preview:-1"},"canonical":"https:\/\/leg.eu\/hu\/szolgaltatasaink\/terminologia-menedzsment\/","og_locale":"hu_HU","og_type":"article","og_title":"Terminol\u00f3gia-menedzsment | Language Experts Group","og_description":"A min\u0151s\u00e9gi ford\u00edt\u00e1s alapja a megb\u00edzhat\u00f3 terminol\u00f3gia. A terminol\u00f3gia ismerete \u00e9s kezel\u00e9se n\u00e9lk\u00fcl\u00f6zhetetlen a kiv\u00e1l\u00f3 min\u0151s\u00e9g\u0171 ford\u00edt\u00e1shoz.","og_url":"https:\/\/leg.eu\/hu\/szolgaltatasaink\/terminologia-menedzsment\/","og_site_name":"Language Experts Group","article_modified_time":"2025-10-30T08:57:37+00:00","twitter_card":"summary_large_image","twitter_misc":{"Becs\u00fclt olvas\u00e1si id\u0151":"4 perc"},"schema":{"@context":"https:\/\/schema.org","@graph":[{"@type":"WebPage","@id":"https:\/\/leg.eu\/hu\/szolgaltatasaink\/terminologia-menedzsment\/","url":"https:\/\/leg.eu\/hu\/szolgaltatasaink\/terminologia-menedzsment\/","name":"Terminol\u00f3gia-menedzsment | Language Experts Group","isPartOf":{"@id":"https:\/\/leg.eu\/hu\/#website"},"datePublished":"2025-05-19T12:00:00+00:00","dateModified":"2025-10-30T08:57:37+00:00","description":"A min\u0151s\u00e9gi ford\u00edt\u00e1s alapja a megb\u00edzhat\u00f3 terminol\u00f3gia. A terminol\u00f3gia ismerete \u00e9s kezel\u00e9se n\u00e9lk\u00fcl\u00f6zhetetlen a kiv\u00e1l\u00f3 min\u0151s\u00e9g\u0171 ford\u00edt\u00e1shoz.","breadcrumb":{"@id":"https:\/\/leg.eu\/hu\/szolgaltatasaink\/terminologia-menedzsment\/#breadcrumb"},"inLanguage":"hu","potentialAction":[{"@type":"ReadAction","target":["https:\/\/leg.eu\/hu\/szolgaltatasaink\/terminologia-menedzsment\/"]}]},{"@type":"BreadcrumbList","@id":"https:\/\/leg.eu\/hu\/szolgaltatasaink\/terminologia-menedzsment\/#breadcrumb","itemListElement":[{"@type":"ListItem","position":1,"name":"Home","item":"https:\/\/leg.eu\/hu\/"},{"@type":"ListItem","position":2,"name":"Szolg\u00e1ltat\u00e1saink","item":"https:\/\/leg.eu\/hu\/szolgaltatasaink\/"},{"@type":"ListItem","position":3,"name":"Terminol\u00f3gia-menedzsment"}]},{"@type":"WebSite","@id":"https:\/\/leg.eu\/hu\/#website","url":"https:\/\/leg.eu\/hu\/","name":"Language Experts Group","description":"Language Experts Group","potentialAction":[{"@type":"SearchAction","target":{"@type":"EntryPoint","urlTemplate":"https:\/\/leg.eu\/hu\/?s={search_term_string}"},"query-input":{"@type":"PropertyValueSpecification","valueRequired":true,"valueName":"search_term_string"}}],"inLanguage":"hu"}]}},"_links":{"self":[{"href":"https:\/\/leg.eu\/hu\/wp-json\/wp\/v2\/pages\/3535","targetHints":{"allow":["GET"]}}],"collection":[{"href":"https:\/\/leg.eu\/hu\/wp-json\/wp\/v2\/pages"}],"about":[{"href":"https:\/\/leg.eu\/hu\/wp-json\/wp\/v2\/types\/page"}],"author":[{"embeddable":true,"href":"https:\/\/leg.eu\/hu\/wp-json\/wp\/v2\/users\/2"}],"replies":[{"embeddable":true,"href":"https:\/\/leg.eu\/hu\/wp-json\/wp\/v2\/comments?post=3535"}],"version-history":[{"count":3,"href":"https:\/\/leg.eu\/hu\/wp-json\/wp\/v2\/pages\/3535\/revisions"}],"predecessor-version":[{"id":4229,"href":"https:\/\/leg.eu\/hu\/wp-json\/wp\/v2\/pages\/3535\/revisions\/4229"}],"up":[{"embeddable":true,"href":"https:\/\/leg.eu\/hu\/wp-json\/wp\/v2\/pages\/3348"}],"wp:attachment":[{"href":"https:\/\/leg.eu\/hu\/wp-json\/wp\/v2\/media?parent=3535"}],"wp:term":[{"taxonomy":"folder","embeddable":true,"href":"https:\/\/leg.eu\/hu\/wp-json\/wp\/v2\/folder?post=3535"}],"curies":[{"name":"wp","href":"https:\/\/api.w.org\/{rel}","templated":true}]}}