{"id":3561,"date":"2025-05-19T14:00:00","date_gmt":"2025-05-19T12:00:00","guid":{"rendered":"https:\/\/leg.eu\/szolgaltatasaink\/printing\/"},"modified":"2025-10-30T10:06:42","modified_gmt":"2025-10-30T09:06:42","slug":"nyomtatas","status":"publish","type":"page","link":"https:\/\/leg.eu\/hu\/szolgaltatasaink\/nyomtatas\/","title":{"rendered":"Nyomtat\u00e1s"},"content":{"rendered":"","protected":false},"excerpt":{"rendered":"","protected":false},"author":2,"featured_media":0,"parent":3348,"menu_order":0,"comment_status":"closed","ping_status":"closed","template":"","meta":{"footnotes":""},"folder":[12],"class_list":["post-3561","page","type-page","status-publish","hentry"],"yoast_head":"<!-- This site is optimized with the Yoast SEO plugin v27.1.1 - https:\/\/yoast.com\/product\/yoast-seo-wordpress\/ -->\n<title>Nyomdai kivitelez\u00e9s | Szolg\u00e1ltat\u00e1sok| Language Experts Group<\/title>\n<meta name=\"description\" content=\"Ak\u00e1r bros\u00far\u00e1ra, sz\u00f3r\u00f3lapra, k\u00e9zik\u00f6nyvre, plak\u00e1tra van sz\u00fcks\u00e9ge, mi a ford\u00edt\u00e1sban \u00e9s a nyomdai kivitelez\u00e9sben is seg\u00edt\u00fcnk.\" \/>\n<meta name=\"robots\" content=\"index, follow, max-snippet:-1, max-image-preview:large, max-video-preview:-1\" \/>\n<link rel=\"canonical\" href=\"https:\/\/leg.eu\/hu\/szolgaltatasaink\/nyomtatas\/\" \/>\n<meta property=\"og:locale\" content=\"hu_HU\" \/>\n<meta property=\"og:type\" content=\"article\" \/>\n<meta property=\"og:title\" content=\"Nyomdai kivitelez\u00e9s | Szolg\u00e1ltat\u00e1sok| Language Experts Group\" \/>\n<meta property=\"og:description\" content=\"Ak\u00e1r bros\u00far\u00e1ra, sz\u00f3r\u00f3lapra, k\u00e9zik\u00f6nyvre, plak\u00e1tra van sz\u00fcks\u00e9ge, mi a ford\u00edt\u00e1sban \u00e9s a nyomdai kivitelez\u00e9sben is seg\u00edt\u00fcnk.\" \/>\n<meta property=\"og:url\" content=\"https:\/\/leg.eu\/hu\/szolgaltatasaink\/nyomtatas\/\" \/>\n<meta property=\"og:site_name\" content=\"Language Experts Group\" \/>\n<meta property=\"article:modified_time\" content=\"2025-10-30T09:06:42+00:00\" \/>\n<meta name=\"twitter:card\" content=\"summary_large_image\" \/>\n<meta name=\"twitter:label1\" content=\"Becs\u00fclt olvas\u00e1si id\u0151\" \/>\n\t<meta name=\"twitter:data1\" content=\"2 perc\" \/>\n<script type=\"application\/ld+json\" class=\"yoast-schema-graph\">{\"@context\":\"https:\/\/schema.org\",\"@graph\":[{\"@type\":\"WebPage\",\"@id\":\"https:\/\/leg.eu\/hu\/szolgaltatasaink\/nyomtatas\/\",\"url\":\"https:\/\/leg.eu\/hu\/szolgaltatasaink\/nyomtatas\/\",\"name\":\"Nyomdai kivitelez\u00e9s | Szolg\u00e1ltat\u00e1sok| Language Experts Group\",\"isPartOf\":{\"@id\":\"https:\/\/leg.eu\/hu\/#website\"},\"datePublished\":\"2025-05-19T12:00:00+00:00\",\"dateModified\":\"2025-10-30T09:06:42+00:00\",\"description\":\"Ak\u00e1r bros\u00far\u00e1ra, sz\u00f3r\u00f3lapra, k\u00e9zik\u00f6nyvre, plak\u00e1tra van sz\u00fcks\u00e9ge, mi a ford\u00edt\u00e1sban \u00e9s a nyomdai kivitelez\u00e9sben is seg\u00edt\u00fcnk.\",\"breadcrumb\":{\"@id\":\"https:\/\/leg.eu\/hu\/szolgaltatasaink\/nyomtatas\/#breadcrumb\"},\"inLanguage\":\"hu\",\"potentialAction\":[{\"@type\":\"ReadAction\",\"target\":[\"https:\/\/leg.eu\/hu\/szolgaltatasaink\/nyomtatas\/\"]}]},{\"@type\":\"BreadcrumbList\",\"@id\":\"https:\/\/leg.eu\/hu\/szolgaltatasaink\/nyomtatas\/#breadcrumb\",\"itemListElement\":[{\"@type\":\"ListItem\",\"position\":1,\"name\":\"Home\",\"item\":\"https:\/\/leg.eu\/hu\/\"},{\"@type\":\"ListItem\",\"position\":2,\"name\":\"Szolg\u00e1ltat\u00e1saink\",\"item\":\"https:\/\/leg.eu\/hu\/szolgaltatasaink\/\"},{\"@type\":\"ListItem\",\"position\":3,\"name\":\"Nyomtat\u00e1s\"}]},{\"@type\":\"WebSite\",\"@id\":\"https:\/\/leg.eu\/hu\/#website\",\"url\":\"https:\/\/leg.eu\/hu\/\",\"name\":\"Language Experts Group\",\"description\":\"Language Experts Group\",\"potentialAction\":[{\"@type\":\"SearchAction\",\"target\":{\"@type\":\"EntryPoint\",\"urlTemplate\":\"https:\/\/leg.eu\/hu\/?s={search_term_string}\"},\"query-input\":{\"@type\":\"PropertyValueSpecification\",\"valueRequired\":true,\"valueName\":\"search_term_string\"}}],\"inLanguage\":\"hu\"}]}<\/script>\n<!-- \/ Yoast SEO plugin. -->","yoast_head_json":{"title":"Nyomdai kivitelez\u00e9s | Szolg\u00e1ltat\u00e1sok| Language Experts Group","description":"Ak\u00e1r bros\u00far\u00e1ra, sz\u00f3r\u00f3lapra, k\u00e9zik\u00f6nyvre, plak\u00e1tra van sz\u00fcks\u00e9ge, mi a ford\u00edt\u00e1sban \u00e9s a nyomdai kivitelez\u00e9sben is seg\u00edt\u00fcnk.","robots":{"index":"index","follow":"follow","max-snippet":"max-snippet:-1","max-image-preview":"max-image-preview:large","max-video-preview":"max-video-preview:-1"},"canonical":"https:\/\/leg.eu\/hu\/szolgaltatasaink\/nyomtatas\/","og_locale":"hu_HU","og_type":"article","og_title":"Nyomdai kivitelez\u00e9s | Szolg\u00e1ltat\u00e1sok| Language Experts Group","og_description":"Ak\u00e1r bros\u00far\u00e1ra, sz\u00f3r\u00f3lapra, k\u00e9zik\u00f6nyvre, plak\u00e1tra van sz\u00fcks\u00e9ge, mi a ford\u00edt\u00e1sban \u00e9s a nyomdai kivitelez\u00e9sben is seg\u00edt\u00fcnk.","og_url":"https:\/\/leg.eu\/hu\/szolgaltatasaink\/nyomtatas\/","og_site_name":"Language Experts Group","article_modified_time":"2025-10-30T09:06:42+00:00","twitter_card":"summary_large_image","twitter_misc":{"Becs\u00fclt olvas\u00e1si id\u0151":"2 perc"},"schema":{"@context":"https:\/\/schema.org","@graph":[{"@type":"WebPage","@id":"https:\/\/leg.eu\/hu\/szolgaltatasaink\/nyomtatas\/","url":"https:\/\/leg.eu\/hu\/szolgaltatasaink\/nyomtatas\/","name":"Nyomdai kivitelez\u00e9s | Szolg\u00e1ltat\u00e1sok| Language Experts Group","isPartOf":{"@id":"https:\/\/leg.eu\/hu\/#website"},"datePublished":"2025-05-19T12:00:00+00:00","dateModified":"2025-10-30T09:06:42+00:00","description":"Ak\u00e1r bros\u00far\u00e1ra, sz\u00f3r\u00f3lapra, k\u00e9zik\u00f6nyvre, plak\u00e1tra van sz\u00fcks\u00e9ge, mi a ford\u00edt\u00e1sban \u00e9s a nyomdai kivitelez\u00e9sben is seg\u00edt\u00fcnk.","breadcrumb":{"@id":"https:\/\/leg.eu\/hu\/szolgaltatasaink\/nyomtatas\/#breadcrumb"},"inLanguage":"hu","potentialAction":[{"@type":"ReadAction","target":["https:\/\/leg.eu\/hu\/szolgaltatasaink\/nyomtatas\/"]}]},{"@type":"BreadcrumbList","@id":"https:\/\/leg.eu\/hu\/szolgaltatasaink\/nyomtatas\/#breadcrumb","itemListElement":[{"@type":"ListItem","position":1,"name":"Home","item":"https:\/\/leg.eu\/hu\/"},{"@type":"ListItem","position":2,"name":"Szolg\u00e1ltat\u00e1saink","item":"https:\/\/leg.eu\/hu\/szolgaltatasaink\/"},{"@type":"ListItem","position":3,"name":"Nyomtat\u00e1s"}]},{"@type":"WebSite","@id":"https:\/\/leg.eu\/hu\/#website","url":"https:\/\/leg.eu\/hu\/","name":"Language Experts Group","description":"Language Experts Group","potentialAction":[{"@type":"SearchAction","target":{"@type":"EntryPoint","urlTemplate":"https:\/\/leg.eu\/hu\/?s={search_term_string}"},"query-input":{"@type":"PropertyValueSpecification","valueRequired":true,"valueName":"search_term_string"}}],"inLanguage":"hu"}]}},"_links":{"self":[{"href":"https:\/\/leg.eu\/hu\/wp-json\/wp\/v2\/pages\/3561","targetHints":{"allow":["GET"]}}],"collection":[{"href":"https:\/\/leg.eu\/hu\/wp-json\/wp\/v2\/pages"}],"about":[{"href":"https:\/\/leg.eu\/hu\/wp-json\/wp\/v2\/types\/page"}],"author":[{"embeddable":true,"href":"https:\/\/leg.eu\/hu\/wp-json\/wp\/v2\/users\/2"}],"replies":[{"embeddable":true,"href":"https:\/\/leg.eu\/hu\/wp-json\/wp\/v2\/comments?post=3561"}],"version-history":[{"count":2,"href":"https:\/\/leg.eu\/hu\/wp-json\/wp\/v2\/pages\/3561\/revisions"}],"predecessor-version":[{"id":4234,"href":"https:\/\/leg.eu\/hu\/wp-json\/wp\/v2\/pages\/3561\/revisions\/4234"}],"up":[{"embeddable":true,"href":"https:\/\/leg.eu\/hu\/wp-json\/wp\/v2\/pages\/3348"}],"wp:attachment":[{"href":"https:\/\/leg.eu\/hu\/wp-json\/wp\/v2\/media?parent=3561"}],"wp:term":[{"taxonomy":"folder","embeddable":true,"href":"https:\/\/leg.eu\/hu\/wp-json\/wp\/v2\/folder?post=3561"}],"curies":[{"name":"wp","href":"https:\/\/api.w.org\/{rel}","templated":true}]}}