{"id":3104,"date":"2025-05-19T13:00:00","date_gmt":"2025-05-19T11:00:00","guid":{"rendered":"https:\/\/leg.eu\/conditions-of-use\/"},"modified":"2026-02-26T17:40:29","modified_gmt":"2026-02-26T16:40:29","slug":"conditions-of-use","status":"publish","type":"page","link":"https:\/\/leg.eu\/ja\/conditions-of-use\/","title":{"rendered":"\u5229\u7528\u898f\u7d04"},"content":{"rendered":"\n<p>\u4e00\u822c\u5229\u7528\u898f\u7d04\uff08\u4ee5\u4e0b\u300cGTC\u300d\uff09<\/p>\n\n\n\n<p>\u672cGTC\u306f\u3001Language Experts Group\uff08LEG Hungary Localization and Language Technology Ltd.\u3001\u6240\u5728\u5730\uff1a1075 Budapest, Mad\u00e1ch Imre \u00fat 11.II\/1.\u3001\u4ee3\u8868\u8005\uff1aBogl\u00e1rka T\u00edmea T\u00e9si\u3001\u4f1a\u793e\u767b\u9332\u756a\u53f7\uff1a01-10-047451\u3001\u7a0e\u756a\u53f7\uff1a14525616-2-41\u3001\u767b\u8a18\u6a5f\u95a2\uff1aF\u0151v\u00e1rosi T\u00f6rv\u00e9nysz\u00e9k C\u00e9gb\u00edr\u00f3s\u00e1ga\uff09\u304c\u904b\u55b6\u3059\u308b\u30a6\u30a7\u30d6\u30b5\u30a4\u30c8\u306e\u4e00\u822c\u5229\u7528\u898f\u7d04\u3092\u5b9a\u3081\u308b\u3082\u306e\u3067\u3059\u3002<\/p>\n\n\n\n<p>\u672c\u30a6\u30a7\u30d6\u30b5\u30a4\u30c8\u306b\u63b2\u8f09\u3055\u308c\u3066\u3044\u308b\u3059\u3079\u3066\u306e\u5185\u5bb9\u306f\u3001\u4ee5\u4e0b\u306e\u5229\u7528\u898f\u7d04\u304c\u9069\u7528\u3055\u308c\u307e\u3059\uff1a\u672c\u30a6\u30a7\u30d6\u30b5\u30a4\u30c8\u306e\u5185\u5bb9\u306f\u3001\u60c5\u5831\u63d0\u4f9b\u3092\u76ee\u7684\u3068\u3057\u305f\u3082\u306e\u3067\u3059\u3002Language Experts Group\u306f\u3001\u672c\u30a6\u30a7\u30d6\u30b5\u30a4\u30c8\u306e\u5185\u5bb9\u306b\u3064\u3044\u3066\u78ba\u8a8d\u3092\u884c\u3063\u3066\u3044\u307e\u3059\u304c\u3001\u305d\u306e\u6b63\u78ba\u6027\u3084\u5b8c\u5168\u6027\u306b\u3064\u3044\u3066\u3001\u3044\u304b\u306a\u308b\u4fdd\u8a3c\u3001\u6761\u4ef6\u3001\u8868\u660e\u3082\u884c\u3046\u3082\u306e\u3067\u306f\u3042\u308a\u307e\u305b\u3093\u3002\u307e\u305f\u3001\u672c\u30a6\u30a7\u30d6\u30b5\u30a4\u30c8\u306e\u5185\u5bb9\u306b\u57fa\u3065\u3044\u3066\u884c\u308f\u308c\u305f\u5224\u65ad\u3084\u884c\u52d5\u306b\u3088\u3063\u3066\u751f\u3058\u305f\u640d\u5bb3\u3084\u640d\u5931\u306b\u3064\u3044\u3066\u3001\u4e00\u5207\u306e\u8cac\u4efb\u3092\u8ca0\u3044\u307e\u305b\u3093\u3002<\/p>\n\n\n\n<p>\u5f53\u30a6\u30a7\u30d6\u30b5\u30a4\u30c8\u304b\u3089\u30ea\u30f3\u30af\u3055\u308c\u3066\u3044\u308b\u5916\u90e8\u306e\u30a6\u30a7\u30d6\u30b5\u30a4\u30c8\u3001\u307e\u305f\u306f\u5f53\u30a6\u30a7\u30d6\u30b5\u30a4\u30c8\u306b\u8a00\u53ca\u3057\u3066\u3044\u308b\u5916\u90e8\u30b5\u30a4\u30c8\u306e\u5185\u5bb9\u306f\u7b2c\u4e09\u8005\u304c\u63d0\u4f9b\u3059\u308b\u3082\u306e\u3067\u3042\u308a\u3001Language Experts Group\u306f\u305d\u308c\u3089\u306e\u5185\u5bb9\u306b\u3064\u3044\u3066\u8cac\u4efb\u3092\u8ca0\u3044\u307e\u305b\u3093\u3002\u3055\u3089\u306b\u3001\u30a4\u30f3\u30bf\u30fc\u30cd\u30c3\u30c8\u306e\u7279\u6027\u4e0a\u3001\u60c5\u5831\u4f1d\u9054\u306e\u4e2d\u65ad\u307e\u305f\u306f\u9014\u7d76\u306e\u30ea\u30b9\u30af\u3092\u8003\u616e\u3057\u3001\u672c\u60c5\u5831\u306e\u5229\u7528\u306b\u95a2\u3057\u3066\u8cac\u4efb\u3092\u8ca0\u308f\u306a\u3044\u3082\u306e\u3068\u3057\u307e\u3059\u3002<\/p>\n\n\n\n<p>\u9069\u5207\u306a\u7ffb\u8a33\u30b5\u30fc\u30d3\u30b9\u3092\u9078\u629e\u3059\u308b\u306e\u306f\u304a\u5ba2\u3055\u307e\u306e\u8cac\u4efb\u3067\u3059\u3002\u9078\u629e\u3055\u308c\u305f\u30b5\u30fc\u30d3\u30b9\u304c\u304a\u5ba2\u3055\u307e\u306e\u7279\u5b9a\u306e\u8981\u4ef6\u3092\u6e80\u305f\u3055\u306a\u3044\u5834\u5408\u3067\u3082\u3001Language Experts Group\u306f\u4e00\u5207\u306e\u8cac\u4efb\u3092\u8ca0\u3044\u307e\u305b\u3093\u3002<\/p>\n\n\n\n<p>\u307e\u305f\u3001\u672c\u30a6\u30a7\u30d6\u30b5\u30a4\u30c8\u3092\u5229\u7528\u3059\u308b\u3053\u3068\u306b\u3088\u308a\u3001\u304a\u5ba2\u3055\u307e\u306f\u672cGTC\u306b\u540c\u610f\u3059\u308b\u3068\u3068\u3082\u306b\u3001\u672c\u898f\u7d04\u304c\u5909\u66f4\u3055\u308c\u305f\u5834\u5408\u3001\u305d\u306e\u5185\u5bb9\u306f\u63b2\u8f09\u3055\u308c\u305f\u6642\u70b9\u3067\u52b9\u529b\u3092\u751f\u3058\u308b\u3053\u3068\u306b\u3064\u3044\u3066\u3082\u3001\u540c\u610f\u3057\u305f\u3082\u306e\u3068\u307f\u306a\u3055\u308c\u307e\u3059\u3002<\/p>\n\n\n\n<p>\u30d6\u30c0\u30da\u30b9\u30c8\u30012020\u5e746\u670822\u65e5<\/p>\n","protected":false},"excerpt":{"rendered":"<p>\u4e00\u822c\u5229\u7528\u898f\u7d04\uff08\u4ee5\u4e0b\u300cGTC\u300d\uff09 \u672cGTC\u306f\u3001Language Experts Group\uff08LEG Hungary Localization and Language Technology Ltd.\u3001\u6240\u5728\u5730\uff1a1075 Bu [&hellip;]<\/p>\n","protected":false},"author":2,"featured_media":0,"parent":0,"menu_order":0,"comment_status":"closed","ping_status":"closed","template":"","meta":{"footnotes":""},"folder":[23],"class_list":["post-3104","page","type-page","status-publish","hentry"],"yoast_head":"<!-- This site is optimized with the Yoast SEO plugin v27.1.1 - https:\/\/yoast.com\/product\/yoast-seo-wordpress\/ -->\n<title>\u5229\u7528\u898f\u7d04 - Language Experts Group<\/title>\n<meta name=\"robots\" content=\"index, follow, max-snippet:-1, max-image-preview:large, max-video-preview:-1\" \/>\n<link rel=\"canonical\" href=\"https:\/\/leg.eu\/ja\/conditions-of-use\/\" \/>\n<meta property=\"og:locale\" content=\"ja_JP\" \/>\n<meta property=\"og:type\" content=\"article\" \/>\n<meta property=\"og:title\" content=\"\u5229\u7528\u898f\u7d04 - Language Experts Group\" \/>\n<meta property=\"og:description\" content=\"\u4e00\u822c\u5229\u7528\u898f\u7d04\uff08\u4ee5\u4e0b\u300cGTC\u300d\uff09 \u672cGTC\u306f\u3001Language Experts Group\uff08LEG Hungary Localization and Language Technology Ltd.\u3001\u6240\u5728\u5730\uff1a1075 Bu [&hellip;]\" \/>\n<meta property=\"og:url\" content=\"https:\/\/leg.eu\/ja\/conditions-of-use\/\" \/>\n<meta property=\"og:site_name\" content=\"Language Experts Group\" \/>\n<meta property=\"article:modified_time\" content=\"2026-02-26T16:40:29+00:00\" \/>\n<meta name=\"twitter:card\" content=\"summary_large_image\" \/>\n<meta name=\"twitter:label1\" content=\"\u63a8\u5b9a\u8aad\u307f\u53d6\u308a\u6642\u9593\" \/>\n\t<meta name=\"twitter:data1\" content=\"3\u5206\" \/>\n<script type=\"application\/ld+json\" class=\"yoast-schema-graph\">{\"@context\":\"https:\/\/schema.org\",\"@graph\":[{\"@type\":\"WebPage\",\"@id\":\"https:\/\/leg.eu\/ja\/conditions-of-use\/\",\"url\":\"https:\/\/leg.eu\/ja\/conditions-of-use\/\",\"name\":\"\u5229\u7528\u898f\u7d04 - Language Experts Group\",\"isPartOf\":{\"@id\":\"https:\/\/leg.eu\/ja\/#website\"},\"datePublished\":\"2025-05-19T11:00:00+00:00\",\"dateModified\":\"2026-02-26T16:40:29+00:00\",\"breadcrumb\":{\"@id\":\"https:\/\/leg.eu\/ja\/conditions-of-use\/#breadcrumb\"},\"inLanguage\":\"ja\",\"potentialAction\":[{\"@type\":\"ReadAction\",\"target\":[\"https:\/\/leg.eu\/ja\/conditions-of-use\/\"]}]},{\"@type\":\"BreadcrumbList\",\"@id\":\"https:\/\/leg.eu\/ja\/conditions-of-use\/#breadcrumb\",\"itemListElement\":[{\"@type\":\"ListItem\",\"position\":1,\"name\":\"Home\",\"item\":\"https:\/\/leg.eu\/ja\/\"},{\"@type\":\"ListItem\",\"position\":2,\"name\":\"\u5229\u7528\u898f\u7d04\"}]},{\"@type\":\"WebSite\",\"@id\":\"https:\/\/leg.eu\/ja\/#website\",\"url\":\"https:\/\/leg.eu\/ja\/\",\"name\":\"Language Experts Group\",\"description\":\"Language Experts Group\",\"potentialAction\":[{\"@type\":\"SearchAction\",\"target\":{\"@type\":\"EntryPoint\",\"urlTemplate\":\"https:\/\/leg.eu\/ja\/?s={search_term_string}\"},\"query-input\":{\"@type\":\"PropertyValueSpecification\",\"valueRequired\":true,\"valueName\":\"search_term_string\"}}],\"inLanguage\":\"ja\"}]}<\/script>\n<!-- \/ Yoast SEO plugin. -->","yoast_head_json":{"title":"\u5229\u7528\u898f\u7d04 - Language Experts Group","robots":{"index":"index","follow":"follow","max-snippet":"max-snippet:-1","max-image-preview":"max-image-preview:large","max-video-preview":"max-video-preview:-1"},"canonical":"https:\/\/leg.eu\/ja\/conditions-of-use\/","og_locale":"ja_JP","og_type":"article","og_title":"\u5229\u7528\u898f\u7d04 - Language Experts Group","og_description":"\u4e00\u822c\u5229\u7528\u898f\u7d04\uff08\u4ee5\u4e0b\u300cGTC\u300d\uff09 \u672cGTC\u306f\u3001Language Experts Group\uff08LEG Hungary Localization and Language Technology Ltd.\u3001\u6240\u5728\u5730\uff1a1075 Bu [&hellip;]","og_url":"https:\/\/leg.eu\/ja\/conditions-of-use\/","og_site_name":"Language Experts Group","article_modified_time":"2026-02-26T16:40:29+00:00","twitter_card":"summary_large_image","twitter_misc":{"\u63a8\u5b9a\u8aad\u307f\u53d6\u308a\u6642\u9593":"3\u5206"},"schema":{"@context":"https:\/\/schema.org","@graph":[{"@type":"WebPage","@id":"https:\/\/leg.eu\/ja\/conditions-of-use\/","url":"https:\/\/leg.eu\/ja\/conditions-of-use\/","name":"\u5229\u7528\u898f\u7d04 - Language Experts Group","isPartOf":{"@id":"https:\/\/leg.eu\/ja\/#website"},"datePublished":"2025-05-19T11:00:00+00:00","dateModified":"2026-02-26T16:40:29+00:00","breadcrumb":{"@id":"https:\/\/leg.eu\/ja\/conditions-of-use\/#breadcrumb"},"inLanguage":"ja","potentialAction":[{"@type":"ReadAction","target":["https:\/\/leg.eu\/ja\/conditions-of-use\/"]}]},{"@type":"BreadcrumbList","@id":"https:\/\/leg.eu\/ja\/conditions-of-use\/#breadcrumb","itemListElement":[{"@type":"ListItem","position":1,"name":"Home","item":"https:\/\/leg.eu\/ja\/"},{"@type":"ListItem","position":2,"name":"\u5229\u7528\u898f\u7d04"}]},{"@type":"WebSite","@id":"https:\/\/leg.eu\/ja\/#website","url":"https:\/\/leg.eu\/ja\/","name":"Language Experts Group","description":"Language Experts Group","potentialAction":[{"@type":"SearchAction","target":{"@type":"EntryPoint","urlTemplate":"https:\/\/leg.eu\/ja\/?s={search_term_string}"},"query-input":{"@type":"PropertyValueSpecification","valueRequired":true,"valueName":"search_term_string"}}],"inLanguage":"ja"}]}},"_links":{"self":[{"href":"https:\/\/leg.eu\/ja\/wp-json\/wp\/v2\/pages\/3104","targetHints":{"allow":["GET"]}}],"collection":[{"href":"https:\/\/leg.eu\/ja\/wp-json\/wp\/v2\/pages"}],"about":[{"href":"https:\/\/leg.eu\/ja\/wp-json\/wp\/v2\/types\/page"}],"author":[{"embeddable":true,"href":"https:\/\/leg.eu\/ja\/wp-json\/wp\/v2\/users\/2"}],"replies":[{"embeddable":true,"href":"https:\/\/leg.eu\/ja\/wp-json\/wp\/v2\/comments?post=3104"}],"version-history":[{"count":2,"href":"https:\/\/leg.eu\/ja\/wp-json\/wp\/v2\/pages\/3104\/revisions"}],"predecessor-version":[{"id":4627,"href":"https:\/\/leg.eu\/ja\/wp-json\/wp\/v2\/pages\/3104\/revisions\/4627"}],"wp:attachment":[{"href":"https:\/\/leg.eu\/ja\/wp-json\/wp\/v2\/media?parent=3104"}],"wp:term":[{"taxonomy":"folder","embeddable":true,"href":"https:\/\/leg.eu\/ja\/wp-json\/wp\/v2\/folder?post=3104"}],"curies":[{"name":"wp","href":"https:\/\/api.w.org\/{rel}","templated":true}]}}